{"id":7368,"date":"2018-10-17T15:22:24","date_gmt":"2018-10-17T15:22:24","guid":{"rendered":"http:\/\/www.allenandallen.com\/?page_id=7368"},"modified":"2025-10-27T13:30:16","modified_gmt":"2025-10-27T18:30:16","slug":"espanol","status":"publish","type":"page","link":"https:\/\/www.allenandallen.com\/es\/espanol\/","title":{"rendered":"Programe una consulta - English"},"content":{"rendered":"<h2 class=\"meta-shadow\">Abogados de lesiones personales<\/h2>\n<h3>\u00a1Bienvenidos!<\/h3>\n<p>Gracias por su inter\u00e9s en Allen &amp; Allen. Desde 1910, somos un bufete de abogados que se especializan en casos de lesiones personales.<\/p>\n<p>Una lesi\u00f3n personal puede llegar cuando menos lo esperamos. Nosotros entendemos que la tensi\u00f3n de una lesi\u00f3n personal afecta f\u00edsicamente y emocionalmente, sin contar con la tensi\u00f3n adicional de las barreras del idioma.<\/p>\n<p>Por ese motivo, Allen &amp; Allen tiene empleados biling\u00fces que se comprometen a ayudar paso a paso.<\/p>\n<p>Desde accidentes automovil\u00edsticos a negligencia m\u00e9dica, nuestra experiencia y conocimiento nos permiten ofrecer a nuestros clientes un servicio superior.<\/p>\n<p><iframe loading=\"lazy\" src=\"https:\/\/www.youtube.com\/embed\/BtHRlLMOhfQ\" width=\"560\" height=\"315\" frameborder=\"0\" allowfullscreen=\"allowfullscreen\"><\/iframe><\/p>\n<h3>Lo que hacemos<\/h3>\n<p>Nuestra firma est\u00e1 dedicada a tratar casos de lesiones personales, entre ellos:<\/p>\n<ul>\n<li>Accidentes (autom\u00f3vil, cami\u00f3n, peat\u00f3n, motocicleta, bicicleta, autob\u00fas escolar, avi\u00f3n, barco, etc.)<\/li>\n<li>Heridas graves en el cuerpo<\/li>\n<li>Muerte injustificada<\/li>\n<li>Mala pr\u00e1ctica m\u00e9dica o negligencia<\/li>\n<li>Da\u00f1o cerebral<\/li>\n<li>Servicios o productos defectuosos (responsabilidad del producto)<\/li>\n<li>Contaminaci\u00f3n de los alimentos y enfermedades transmitidas por los alimentos<\/li>\n<li>Responsabilidad del local (en el que se sufri\u00f3 el accidente)<\/li>\n<li>Da\u00f1o de la m\u00e9dula espinal o par\u00e1lisis<\/li>\n<li>Heridas a consecuencia de un conductor en estado de ebriedad<\/li>\n<li>Asuntos complejos con la compa\u00f1\u00eda de seguros a ra\u00edz de una lesi\u00f3n personal<\/li>\n<li>Mordeduras de animales<\/li>\n<li>Heridas al resbalar y caer<\/li>\n<\/ul>\n<p>A continuaci\u00f3n, informamos lo b\u00e1sico que usted debe saber acerca de nuestra firma para facilitar la b\u00fasqueda de un abogado que lo pueda representar:<\/p>\n<ul>\n<li><strong>En Allen &amp; Allen, usted encontrar\u00e1 abogados con experiencia, especializados en casos de lesiones personales.<\/strong>\u00a0Lesiones personales es todo lo que hacemos. Eso quiere decir que solo nos enfocamos en estos tipos de casos y estar enfocados nos ayuda a salir exitosos. Tenemos 7 abogados incluidos en el libro\u00a0<em>Los mejores abogados de Estados Unidos<\/em>\u00a0<strong>(Los mejores abogados de los Estados Unidos)<\/strong><\/li>\n<li><strong>Somos una de las firmas de abogados antiguas y m\u00e1s grandes de Virginia.<\/strong>\u00a0Tenemos oficinas en Richmond, Chesterfield, Mechanicsville, Petersburg, Fredericksburg, Stafford y Charlottesville. Tambi\u00e9n extendemos nuestras horas de trabajo para que nuestros clientes puedan encontrarnos m\u00e1s alla de las horas de oficina. Adem\u00e1s de atender casos en todo el estado de Virginia, nosotros tambi\u00e9n servimos a estados y jurisdicciones vecinas como: Carolina del Norte, Maryland, West Virginia y Washington DC.<\/li>\n<li><strong>Entendemos su situaci\u00f3n en el nivel humano.<\/strong> Sabemos que una lesi\u00f3n personal es dif\u00edcil. Tenemos m\u00e1s de 30 abogados y 100 empleados que se dedican a ayudar a nuestros clientes lesionados y sus familias.<\/li>\n<li><strong>Al decidir que nuestra firma lo represente, usted tendr\u00e1 expertos trabajando en su caso.\u00a0<\/strong>Con la ayuda de asistentes legales, enfermeras, doctores e investigadores, Allen &amp; Allen trae mucho m\u00e1s que s\u00f3lo un abogado para llevar a cabo su caso.<\/li>\n<li><strong>Somos lo suficientemente grandes para atender sus necesidades y lo suficientemente peque\u00f1os para darle la atenci\u00f3n individual que usted necesita.<\/strong><\/li>\n<\/ul>\n<p>Para obtener m\u00e1s informaci\u00f3n acerca de nuestra firma, haga clic en Cont\u00e1ctenos o en\u00a0<a href=\"\/es\/ubicaciones\/\">Oficinas<\/a> o llame al\u00a0<strong>(866) 388-6321<\/strong>\u00a0para hablar con uno de nuestros empleados hispanohablantes.<\/p>\n<p>Oficinas en Virginia:<br \/>\n<a href=\"https:\/\/www.allenandallen.com\/es\/abogado-de-lesiones-personales-de-richmond\/\">Richmond<\/a>,\u00a0<a href=\"https:\/\/www.allenandallen.com\/es\/abogado-de-lesiones-personales-de-petersburgo\/\">Petersburg<\/a>,\u00a0<a href=\"https:\/\/www.allenandallen.com\/es\/abogado-de-lesiones-personales-de-mechanicsville\/\">Mechanicsville<\/a>,\u00a0<a href=\"https:\/\/www.allenandallen.com\/es\/abogado-de-lesiones-personales-de-chesterfield\/\">Chesterfield<\/a>,\u00a0<a href=\"https:\/\/www.allenandallen.com\/es\/abogado-de-lesiones-personales-de-fredericksburg\/\">Fredericksburg<\/a>,\u00a0<a href=\"https:\/\/www.allenandallen.com\/es\/abogado-de-lesiones-personales-de-stafford\/\">Stafford<\/a>, y\u00a0<a href=\"https:\/\/www.allenandallen.com\/es\/abogado-de-lesiones-personales-en-charlottesville\/\">Charlottesville.<\/a><\/p>","protected":false},"excerpt":{"rendered":"<p>Abogados de lesiones personales \u00a1Bienvenidos! Gracias por su inter\u00e9s en Allen &amp; Allen. Desde 1910, somos un bufete de abogados que se especializan en casos de lesiones personales. Una lesi\u00f3n\u2026<\/p>","protected":false},"author":20,"featured_media":0,"parent":0,"menu_order":0,"comment_status":"closed","ping_status":"closed","template":"t-consultation.php","meta":{"_acf_changed":false,"footnotes":""},"class_list":["post-7368","page","type-page","status-publish","hentry"],"acf":[],"yoast_head":"<!-- This site is optimized with the Yoast SEO Premium plugin v27.3 (Yoast SEO v27.3) - https:\/\/yoast.com\/product\/yoast-seo-premium-wordpress\/ -->\n<title>Schedule A Consultation - Espa\u00f1ol | Allen and Allen<\/title>\n<meta name=\"robots\" content=\"index, follow, max-snippet:-1, max-image-preview:large, max-video-preview:-1\" \/>\n<link rel=\"canonical\" href=\"https:\/\/www.allenandallen.com\/es\/programar-una-consulta\/\" \/>\n<meta property=\"og:locale\" content=\"es_ES\" \/>\n<meta property=\"og:type\" content=\"article\" \/>\n<meta property=\"og:title\" content=\"Schedule A Consultation - Espa\u00f1ol\" \/>\n<meta property=\"og:description\" content=\"Abogados de lesiones personales \u00a1Bienvenidos! Gracias por su inter\u00e9s en Allen &amp; Allen. Desde 1910, somos un bufete de abogados que se especializa en casos de lesiones personales. Una lesi\u00f3n...\" \/>\n<meta property=\"og:url\" content=\"https:\/\/www.allenandallen.com\/es\/programar-una-consulta\/\" \/>\n<meta property=\"og:site_name\" content=\"Allen and Allen\" \/>\n<meta property=\"article:modified_time\" content=\"2025-10-27T18:30:16+00:00\" \/>\n<meta name=\"twitter:card\" content=\"summary_large_image\" \/>\n<meta name=\"twitter:image\" content=\"https:\/\/www.allenandallen.com\/wp-content\/uploads\/2018\/07\/consultationhero-large.jpg\" \/>\n<meta name=\"twitter:site\" content=\"@allenandallen\" \/>\n<meta name=\"twitter:label1\" content=\"Est. reading time\" \/>\n\t<meta name=\"twitter:data1\" content=\"3 minutes\" \/>\n<!-- \/ Yoast SEO Premium plugin. -->","yoast_head_json":{"title":"Programe una consulta - English | Allen y Allen","robots":{"index":"index","follow":"follow","max-snippet":"max-snippet:-1","max-image-preview":"max-image-preview:large","max-video-preview":"max-video-preview:-1"},"canonical":"https:\/\/www.allenandallen.com\/es\/programar-una-consulta\/","og_locale":"es_ES","og_type":"article","og_title":"Schedule A Consultation - Espa\u00f1ol","og_description":"Abogados de lesiones personales \u00a1Bienvenidos! Gracias por su inter\u00e9s en Allen &amp; Allen. Desde 1910, somos un bufete de abogados que se especializa en casos de lesiones personales. Una lesi\u00f3n...","og_url":"https:\/\/www.allenandallen.com\/es\/programar-una-consulta\/","og_site_name":"Allen and Allen","article_modified_time":"2025-10-27T18:30:16+00:00","twitter_card":"summary_large_image","twitter_image":"https:\/\/www.allenandallen.com\/wp-content\/uploads\/2018\/07\/consultationhero-large.jpg","twitter_site":"@allenandallen","twitter_misc":{"Est. reading time":"3 minutes"},"schema":{"@context":"https:\/\/schema.org","@graph":[{"@type":"WebPage","@id":"https:\/\/www.allenandallen.com\/es\/programar-una-consulta\/","url":"https:\/\/www.allenandallen.com\/es\/programar-una-consulta\/","name":"Programe una consulta - English | Allen y Allen","isPartOf":{"@id":"https:\/\/www.allenandallen.com\/#website"},"datePublished":"2018-10-17T15:22:24+00:00","dateModified":"2025-10-27T18:30:16+00:00","breadcrumb":{"@id":"https:\/\/www.allenandallen.com\/es\/programar-una-consulta\/#breadcrumb"},"inLanguage":"es","potentialAction":[{"@type":"ReadAction","target":["https:\/\/www.allenandallen.com\/es\/programar-una-consulta\/"]}]},{"@type":"BreadcrumbList","@id":"https:\/\/www.allenandallen.com\/es\/programar-una-consulta\/#breadcrumb","itemListElement":[{"@type":"ListItem","position":1,"name":"Virginia Personal Injury Lawyer","item":"https:\/\/www.allenandallen.com\/"},{"@type":"ListItem","position":2,"name":"Schedule A Consultation &#8211; Espa\u00f1ol"}]},{"@type":"WebSite","@id":"https:\/\/www.allenandallen.com\/#website","url":"https:\/\/www.allenandallen.com\/","name":"Allen y Allen","description":"Protegiendo a los heridos desde 1910","potentialAction":[{"@type":"SearchAction","target":{"@type":"EntryPoint","urlTemplate":"https:\/\/www.allenandallen.com\/?s={search_term_string}"},"query-input":{"@type":"PropertyValueSpecification","valueRequired":true,"valueName":"search_term_string"}}],"inLanguage":"es"}]}},"_links":{"self":[{"href":"https:\/\/www.allenandallen.com\/es\/wp-json\/wp\/v2\/pages\/7368","targetHints":{"allow":["GET"]}}],"collection":[{"href":"https:\/\/www.allenandallen.com\/es\/wp-json\/wp\/v2\/pages"}],"about":[{"href":"https:\/\/www.allenandallen.com\/es\/wp-json\/wp\/v2\/types\/page"}],"author":[{"embeddable":true,"href":"https:\/\/www.allenandallen.com\/es\/wp-json\/wp\/v2\/users\/20"}],"replies":[{"embeddable":true,"href":"https:\/\/www.allenandallen.com\/es\/wp-json\/wp\/v2\/comments?post=7368"}],"version-history":[{"count":0,"href":"https:\/\/www.allenandallen.com\/es\/wp-json\/wp\/v2\/pages\/7368\/revisions"}],"wp:attachment":[{"href":"https:\/\/www.allenandallen.com\/es\/wp-json\/wp\/v2\/media?parent=7368"}],"curies":[{"name":"Gracias","href":"https:\/\/api.w.org\/{rel}","templated":true}]}}