{"id":5730,"date":"2018-07-30T17:04:55","date_gmt":"2018-07-30T17:04:55","guid":{"rendered":"http:\/\/www.allenandallen.com\/?page_id=5730"},"modified":"2025-09-03T15:09:39","modified_gmt":"2025-09-03T20:09:39","slug":"heroes-locales-2011","status":"publish","type":"page","link":"https:\/\/www.allenandallen.com\/es\/about\/community-involvement\/hometown-heroes\/hometown-heroes-2011\/","title":{"rendered":"H\u00e9roes de la ciudad natal 2011"},"content":{"rendered":"<p>El bufete de abogados de lesiones personales de Allen &amp; Allen se fund\u00f3 sobre la base del servicio y la acci\u00f3n. Durante m\u00e1s de 100 a\u00f1os, los abogados y el personal de Allen &amp; Allen se han inspirado en los miembros de la comunidad que hacen de Virginia un lugar tan excelente para vivir y trabajar. En 2011, nos sentimos honrados de presentar nuevamente a h\u00e9roes locales responsables de iniciativas comunitarias y actos de bondad.<\/p>\n<p>Este mes de mayo, nuestra firma recibi\u00f3 una respuesta abrumadora de la comunidad, con cientos de nominaciones para candidatos impresionantes de Richmond, Fredericksburg, Petersburg, Charlottesville.<\/p>\n<p>Despu\u00e9s de una cuidadosa consideraci\u00f3n, hemos seleccionado cincuenta personas en Virginia para llevar adelante la tradici\u00f3n de Hometown Hero.<\/p>","protected":false},"excerpt":{"rendered":"<p>El bufete de abogados de lesiones personales de Allen &amp; Allen se fund\u00f3 sobre la base del servicio y la acci\u00f3n. Durante m\u00e1s de 100 a\u00f1os, los abogados y el personal de Allen &amp; Allen se han inspirado en esos ...<\/p>","protected":false},"author":20,"featured_media":0,"parent":42457,"menu_order":0,"comment_status":"closed","ping_status":"closed","template":"t-heroes.php","meta":{"_acf_changed":false,"footnotes":""},"class_list":["post-5730","page","type-page","status-publish","hentry"],"acf":[],"yoast_head":"<!-- This site is optimized with the Yoast SEO Premium plugin v27.1 (Yoast SEO v27.1.1) - https:\/\/yoast.com\/product\/yoast-seo-premium-wordpress\/ -->\n<title>Hometown Heroes 2011 | Allen and Allen<\/title>\n<meta name=\"description\" content=\"Allen &amp; Allen honors local heroes in Virginia for community service. Discover the inspiring stories behind our 50 Hometown Heroes.\" \/>\n<meta name=\"robots\" content=\"index, follow, max-snippet:-1, max-image-preview:large, max-video-preview:-1\" \/>\n<link rel=\"canonical\" href=\"https:\/\/www.allenandallen.com\/es\/sobre\/participacion-comunitaria\/heroes-locales\/heroes-locales-2011\/\" \/>\n<meta property=\"og:locale\" content=\"es_ES\" \/>\n<meta property=\"og:type\" content=\"article\" \/>\n<meta property=\"og:title\" content=\"Hometown Heroes 2011\" \/>\n<meta property=\"og:description\" content=\"Allen &amp; Allen honors local heroes in Virginia for community service. Discover the inspiring stories behind our 50 Hometown Heroes.\" \/>\n<meta property=\"og:url\" content=\"https:\/\/www.allenandallen.com\/es\/sobre\/participacion-comunitaria\/heroes-locales\/heroes-locales-2011\/\" \/>\n<meta property=\"og:site_name\" content=\"Allen and Allen\" \/>\n<meta property=\"article:modified_time\" content=\"2025-09-03T20:09:39+00:00\" \/>\n<meta name=\"twitter:card\" content=\"summary_large_image\" \/>\n<meta name=\"twitter:site\" content=\"@allenandallen\" \/>\n<meta name=\"twitter:label1\" content=\"Est. reading time\" \/>\n\t<meta name=\"twitter:data1\" content=\"1 minute\" \/>\n<!-- \/ Yoast SEO Premium plugin. -->","yoast_head_json":{"title":"H\u00e9roes locales 2011 | allen y allen","description":"Allen &amp; Allen honra a los h\u00e9roes locales en Virginia por su servicio comunitario. Descubra las inspiradoras historias detr\u00e1s de nuestros 50 h\u00e9roes locales.","robots":{"index":"index","follow":"follow","max-snippet":"max-snippet:-1","max-image-preview":"max-image-preview:large","max-video-preview":"max-video-preview:-1"},"canonical":"https:\/\/www.allenandallen.com\/es\/sobre\/participacion-comunitaria\/heroes-locales\/heroes-locales-2011\/","og_locale":"es_ES","og_type":"article","og_title":"Hometown Heroes 2011","og_description":"Allen & Allen honors local heroes in Virginia for community service. Discover the inspiring stories behind our 50 Hometown Heroes.","og_url":"https:\/\/www.allenandallen.com\/es\/sobre\/participacion-comunitaria\/heroes-locales\/heroes-locales-2011\/","og_site_name":"Allen and Allen","article_modified_time":"2025-09-03T20:09:39+00:00","twitter_card":"summary_large_image","twitter_site":"@allenandallen","twitter_misc":{"Est. reading time":"1 minute"},"schema":{"@context":"https:\/\/schema.org","@graph":[{"@type":"WebPage","@id":"https:\/\/www.allenandallen.com\/about\/community-involvement\/hometown-heroes\/hometown-heroes-2011\/","url":"https:\/\/www.allenandallen.com\/about\/community-involvement\/hometown-heroes\/hometown-heroes-2011\/","name":"H\u00e9roes locales 2011 | allen y allen","isPartOf":{"@id":"https:\/\/www.allenandallen.com\/#website"},"datePublished":"2018-07-30T17:04:55+00:00","dateModified":"2025-09-03T20:09:39+00:00","description":"Allen &amp; Allen honra a los h\u00e9roes locales en Virginia por su servicio comunitario. Descubra las inspiradoras historias detr\u00e1s de nuestros 50 h\u00e9roes locales.","breadcrumb":{"@id":"https:\/\/www.allenandallen.com\/about\/community-involvement\/hometown-heroes\/hometown-heroes-2011\/#breadcrumb"},"inLanguage":"es","potentialAction":[{"@type":"ReadAction","target":["https:\/\/www.allenandallen.com\/about\/community-involvement\/hometown-heroes\/hometown-heroes-2011\/"]}]},{"@type":"BreadcrumbList","@id":"https:\/\/www.allenandallen.com\/about\/community-involvement\/hometown-heroes\/hometown-heroes-2011\/#breadcrumb","itemListElement":[{"@type":"ListItem","position":1,"name":"Virginia Personal Injury Lawyer","item":"https:\/\/www.allenandallen.com\/"},{"@type":"ListItem","position":2,"name":"About Allen, Allen, Allen &#038; Allen","item":"https:\/\/www.allenandallen.com\/about\/"},{"@type":"ListItem","position":3,"name":"Community Involvement","item":"https:\/\/www.allenandallen.com\/about\/community-involvement\/"},{"@type":"ListItem","position":4,"name":"Hometown Heroes","item":"https:\/\/www.allenandallen.com\/about\/community-involvement\/hometown-heroes\/"},{"@type":"ListItem","position":5,"name":"Hometown Heroes 2011"}]},{"@type":"WebSite","@id":"https:\/\/www.allenandallen.com\/#website","url":"https:\/\/www.allenandallen.com\/","name":"Allen y Allen","description":"Protegiendo a los heridos desde 1910","potentialAction":[{"@type":"SearchAction","target":{"@type":"EntryPoint","urlTemplate":"https:\/\/www.allenandallen.com\/?s={search_term_string}"},"query-input":{"@type":"PropertyValueSpecification","valueRequired":true,"valueName":"search_term_string"}}],"inLanguage":"es"}]}},"_links":{"self":[{"href":"https:\/\/www.allenandallen.com\/es\/wp-json\/wp\/v2\/pages\/5730","targetHints":{"allow":["GET"]}}],"collection":[{"href":"https:\/\/www.allenandallen.com\/es\/wp-json\/wp\/v2\/pages"}],"about":[{"href":"https:\/\/www.allenandallen.com\/es\/wp-json\/wp\/v2\/types\/page"}],"author":[{"embeddable":true,"href":"https:\/\/www.allenandallen.com\/es\/wp-json\/wp\/v2\/users\/20"}],"replies":[{"embeddable":true,"href":"https:\/\/www.allenandallen.com\/es\/wp-json\/wp\/v2\/comments?post=5730"}],"version-history":[{"count":0,"href":"https:\/\/www.allenandallen.com\/es\/wp-json\/wp\/v2\/pages\/5730\/revisions"}],"up":[{"embeddable":true,"href":"https:\/\/www.allenandallen.com\/es\/wp-json\/wp\/v2\/pages\/42457"}],"wp:attachment":[{"href":"https:\/\/www.allenandallen.com\/es\/wp-json\/wp\/v2\/media?parent=5730"}],"curies":[{"name":"Gracias","href":"https:\/\/api.w.org\/{rel}","templated":true}]}}