{"id":53230,"date":"2025-04-23T12:37:20","date_gmt":"2025-04-23T17:37:20","guid":{"rendered":"https:\/\/www.allenandallen.com\/?page_id=53230"},"modified":"2025-10-24T08:51:47","modified_gmt":"2025-10-24T13:51:47","slug":"beneficiarios-de-las-becas-de-2025","status":"publish","type":"page","link":"https:\/\/www.allenandallen.com\/es\/about\/community-involvement\/gea-scholarship\/2025-scholarship-recipients\/","title":{"rendered":"Beneficiarios de las becas de 2025"},"content":{"rendered":"<p>A trav\u00e9s de su programa de becas para la escuela secundaria, Allen, Allen, Allen &amp; Allen celebra la vida de su fundador, George E. Allen, Sr..<\/p>\n<p>George Allen, nativo de Virginia del condado de Lunenburg, super\u00f3 muchos desaf\u00edos en sus primeros a\u00f1os de vida. Pas\u00f3 por s\u00ed mismo a la universidad y la facultad de derecho y luego fund\u00f3 Allen, Allen, Allen &amp; Allen, uno de los principales bufetes de abogados de lesiones personales en Virginia y en el pa\u00eds. En su honor, la firma otorga 15 becas cada a\u00f1o, por un monto de $2,000 cada una, a estudiantes de \u00faltimo a\u00f1o de secundaria de Virginia que han superado la adversidad y muestran una gran promesa acad\u00e9mica.<\/p>\n<p>Felicitaciones a nuestros 2025 <a href=\"https:\/\/www.allenandallen.com\/es\/sobre\/participacion-comunitaria\/beca-gea\/\">Beca Acad\u00e9mica George E. Allen<\/a> destinatarios! Les deseamos todo lo mejor al comenzar sus carreras universitarias.<\/p>\n<p>&nbsp;<\/p>","protected":false},"excerpt":{"rendered":"<p>A trav\u00e9s de su programa de becas para la escuela secundaria, Allen, Allen, Allen &amp; Allen celebra la vida de su fundador George E. Allen, Sr.. Nativo de Virginia del condado de Lunenburg, George Allen super\u00f3...<\/p>","protected":false},"author":23,"featured_media":0,"parent":41095,"menu_order":0,"comment_status":"closed","ping_status":"closed","template":"t-heroes.php","meta":{"_acf_changed":false,"footnotes":""},"class_list":["post-53230","page","type-page","status-publish","hentry"],"acf":[],"yoast_head":"<!-- This site is optimized with the Yoast SEO Premium plugin v27.5 (Yoast SEO v27.5) - https:\/\/yoast.com\/product\/yoast-seo-premium-wordpress\/ -->\n<title>2025 Scholarship Recipients | Allen and Allen<\/title>\n<meta name=\"description\" content=\"Learn more about the Allen &amp; Allen Academic Scholarship 2018 Recipients. Our George E. Allen Scholarship is for Virginia high school seniors.\" \/>\n<meta name=\"robots\" content=\"index, follow, max-snippet:-1, max-image-preview:large, max-video-preview:-1\" \/>\n<link rel=\"canonical\" href=\"https:\/\/www.allenandallen.com\/es\/sobre\/participacion-comunitaria\/beca-gea\/beneficiarios-de-las-becas-de-2025\/\" \/>\n<meta property=\"og:locale\" content=\"es_ES\" \/>\n<meta property=\"og:type\" content=\"article\" \/>\n<meta property=\"og:title\" content=\"2025 Scholarship Recipients\" \/>\n<meta property=\"og:description\" content=\"Learn more about the Allen &amp; Allen Academic Scholarship 2018 Recipients. Our George E. Allen Scholarship is for Virginia high school seniors.\" \/>\n<meta property=\"og:url\" content=\"https:\/\/www.allenandallen.com\/es\/sobre\/participacion-comunitaria\/beca-gea\/beneficiarios-de-las-becas-de-2025\/\" \/>\n<meta property=\"og:site_name\" content=\"Allen and Allen\" \/>\n<meta property=\"article:modified_time\" content=\"2025-10-24T13:51:47+00:00\" \/>\n<meta name=\"twitter:card\" content=\"summary_large_image\" \/>\n<meta name=\"twitter:image\" content=\"https:\/\/www.allenandallen.com\/wp-content\/uploads\/2018\/03\/scholarshipssinglehero_georgeeallen_1280x640.jpg\" \/>\n<meta name=\"twitter:site\" content=\"@allenandallen\" \/>\n<meta name=\"twitter:label1\" content=\"Est. reading time\" \/>\n\t<meta name=\"twitter:data1\" content=\"1 minute\" \/>\n<!-- \/ Yoast SEO Premium plugin. -->","yoast_head_json":{"title":"Becarios de 2025 | Allen and Allen","description":"Obtenga m\u00e1s informaci\u00f3n sobre los beneficiarios de la beca acad\u00e9mica Allen &amp; Allen 2018. Nuestra beca George E. Allen es para estudiantes de \u00faltimo a\u00f1o de secundaria de Virginia.","robots":{"index":"index","follow":"follow","max-snippet":"max-snippet:-1","max-image-preview":"max-image-preview:large","max-video-preview":"max-video-preview:-1"},"canonical":"https:\/\/www.allenandallen.com\/es\/sobre\/participacion-comunitaria\/beca-gea\/beneficiarios-de-las-becas-de-2025\/","og_locale":"es_ES","og_type":"article","og_title":"2025 Scholarship Recipients","og_description":"Learn more about the Allen & Allen Academic Scholarship 2018 Recipients. Our George E. Allen Scholarship is for Virginia high school seniors.","og_url":"https:\/\/www.allenandallen.com\/es\/sobre\/participacion-comunitaria\/beca-gea\/beneficiarios-de-las-becas-de-2025\/","og_site_name":"Allen and Allen","article_modified_time":"2025-10-24T13:51:47+00:00","twitter_card":"summary_large_image","twitter_image":"https:\/\/www.allenandallen.com\/wp-content\/uploads\/2018\/03\/scholarshipssinglehero_georgeeallen_1280x640.jpg","twitter_site":"@allenandallen","twitter_misc":{"Est. reading time":"1 minute"},"schema":{"@context":"https:\/\/schema.org","@graph":[{"@type":"WebPage","@id":"https:\/\/www.allenandallen.com\/about\/community-involvement\/gea-scholarship\/2025-scholarship-recipients\/","url":"https:\/\/www.allenandallen.com\/about\/community-involvement\/gea-scholarship\/2025-scholarship-recipients\/","name":"Becarios de 2025 | Allen and Allen","isPartOf":{"@id":"https:\/\/www.allenandallen.com\/#website"},"datePublished":"2025-04-23T17:37:20+00:00","dateModified":"2025-10-24T13:51:47+00:00","description":"Obtenga m\u00e1s informaci\u00f3n sobre los beneficiarios de la beca acad\u00e9mica Allen &amp; Allen 2018. Nuestra beca George E. Allen es para estudiantes de \u00faltimo a\u00f1o de secundaria de Virginia.","breadcrumb":{"@id":"https:\/\/www.allenandallen.com\/about\/community-involvement\/gea-scholarship\/2025-scholarship-recipients\/#breadcrumb"},"inLanguage":"es","potentialAction":[{"@type":"ReadAction","target":["https:\/\/www.allenandallen.com\/about\/community-involvement\/gea-scholarship\/2025-scholarship-recipients\/"]}]},{"@type":"BreadcrumbList","@id":"https:\/\/www.allenandallen.com\/about\/community-involvement\/gea-scholarship\/2025-scholarship-recipients\/#breadcrumb","itemListElement":[{"@type":"ListItem","position":1,"name":"Virginia Personal Injury Lawyer","item":"https:\/\/www.allenandallen.com\/"},{"@type":"ListItem","position":2,"name":"About Allen, Allen, Allen &#038; Allen","item":"https:\/\/www.allenandallen.com\/about\/"},{"@type":"ListItem","position":3,"name":"Community Involvement","item":"https:\/\/www.allenandallen.com\/about\/community-involvement\/"},{"@type":"ListItem","position":4,"name":"George E. Allen Academic Scholarship","item":"https:\/\/www.allenandallen.com\/about\/community-involvement\/gea-scholarship\/"},{"@type":"ListItem","position":5,"name":"2025 Scholarship Recipients"}]},{"@type":"WebSite","@id":"https:\/\/www.allenandallen.com\/#website","url":"https:\/\/www.allenandallen.com\/","name":"Allen y Allen","description":"Protegiendo a los heridos desde 1910","potentialAction":[{"@type":"SearchAction","target":{"@type":"EntryPoint","urlTemplate":"https:\/\/www.allenandallen.com\/?s={search_term_string}"},"query-input":{"@type":"PropertyValueSpecification","valueRequired":true,"valueName":"search_term_string"}}],"inLanguage":"es"}]}},"_links":{"self":[{"href":"https:\/\/www.allenandallen.com\/es\/wp-json\/wp\/v2\/pages\/53230","targetHints":{"allow":["GET"]}}],"collection":[{"href":"https:\/\/www.allenandallen.com\/es\/wp-json\/wp\/v2\/pages"}],"about":[{"href":"https:\/\/www.allenandallen.com\/es\/wp-json\/wp\/v2\/types\/page"}],"author":[{"embeddable":true,"href":"https:\/\/www.allenandallen.com\/es\/wp-json\/wp\/v2\/users\/23"}],"replies":[{"embeddable":true,"href":"https:\/\/www.allenandallen.com\/es\/wp-json\/wp\/v2\/comments?post=53230"}],"version-history":[{"count":0,"href":"https:\/\/www.allenandallen.com\/es\/wp-json\/wp\/v2\/pages\/53230\/revisions"}],"up":[{"embeddable":true,"href":"https:\/\/www.allenandallen.com\/es\/wp-json\/wp\/v2\/pages\/41095"}],"wp:attachment":[{"href":"https:\/\/www.allenandallen.com\/es\/wp-json\/wp\/v2\/media?parent=53230"}],"curies":[{"name":"Gracias","href":"https:\/\/api.w.org\/{rel}","templated":true}]}}