{"id":48704,"date":"2026-01-09T10:54:10","date_gmt":"2026-01-09T15:54:10","guid":{"rendered":"https:\/\/www.allenandallen.com\/?page_id=48704"},"modified":"2026-01-09T14:01:24","modified_gmt":"2026-01-09T19:01:24","slug":"heroes-locales-2024","status":"publish","type":"page","link":"https:\/\/www.allenandallen.com\/es\/about\/community-involvement\/hometown-heroes\/hometown-heroes-2024\/","title":{"rendered":"H\u00e9roes locales 2024"},"content":{"rendered":"<p>Tras una cuidadosa consideraci\u00f3n, estos 21 nominados fueron elegidos como los H\u00e9roes Locales de Allen &amp; Allen 2024 por su compromiso de marcar la diferencia en sus comunidades.<\/p>","protected":false},"excerpt":{"rendered":"<p>Tras una cuidadosa consideraci\u00f3n, estos 21 nominados fueron elegidos como los H\u00e9roes Locales de Allen &amp; Allen 2024 por su compromiso de marcar la diferencia en sus comunidades.<\/p>","protected":false},"author":2,"featured_media":0,"parent":42457,"menu_order":0,"comment_status":"closed","ping_status":"closed","template":"t-heroes.php","meta":{"_acf_changed":false,"footnotes":""},"class_list":["post-48704","page","type-page","status-publish","hentry"],"acf":[],"yoast_head":"<!-- This site is optimized with the Yoast SEO Premium plugin v27.5 (Yoast SEO v27.5) - https:\/\/yoast.com\/product\/yoast-seo-premium-wordpress\/ -->\n<title>Allen &amp; Allen Hometown Heroes Program | Richmond, Fredericksburg, Charlottesville, and Petersburg | Allen, Allen, Allen &amp; Allen<\/title>\n<meta name=\"description\" content=\"To pay tribute to the communities we serve, the personal injury law firm of Allen &amp; Allen created the Allen &amp; Allen Hometown Heroes award. We wanted to thank the everyday heroes who make Virginia a great place to live and work. Click to learn more.\" \/>\n<meta name=\"robots\" content=\"index, follow, max-snippet:-1, max-image-preview:large, max-video-preview:-1\" \/>\n<link rel=\"canonical\" href=\"https:\/\/www.allenandallen.com\/es\/sobre\/participacion-comunitaria\/heroes-locales\/heroes-locales-2024\/\" \/>\n<meta property=\"og:locale\" content=\"es_ES\" \/>\n<meta property=\"og:type\" content=\"article\" \/>\n<meta property=\"og:title\" content=\"Hometown Heroes 2024\" \/>\n<meta property=\"og:description\" content=\"To pay tribute to the communities we serve, the personal injury law firm of Allen &amp; Allen created the Allen &amp; Allen Hometown Heroes award. We wanted to thank the everyday heroes who make Virginia a great place to live and work. Click to learn more.\" \/>\n<meta property=\"og:url\" content=\"https:\/\/www.allenandallen.com\/es\/sobre\/participacion-comunitaria\/heroes-locales\/heroes-locales-2024\/\" \/>\n<meta property=\"og:site_name\" content=\"Allen and Allen\" \/>\n<meta property=\"article:modified_time\" content=\"2026-01-09T19:01:24+00:00\" \/>\n<meta name=\"twitter:card\" content=\"summary_large_image\" \/>\n<meta name=\"twitter:image\" content=\"https:\/\/www.allenandallen.com\/wp-content\/uploads\/2018\/03\/hometownheroeshero_1280x530-1.jpg\" \/>\n<meta name=\"twitter:site\" content=\"@allenandallen\" \/>\n<meta name=\"twitter:label1\" content=\"Est. reading time\" \/>\n\t<meta name=\"twitter:data1\" content=\"1 minute\" \/>\n<!-- \/ Yoast SEO Premium plugin. -->","yoast_head_json":{"title":"Programa de h\u00e9roes de la ciudad natal de Allen &amp; Allen | Richmond, Fredericksburg, Charlottesville y Petersburg | Allen, Allen, Allen y Allen","description":"Para rendir homenaje a las comunidades a las que servimos, el bufete de abogados de lesiones personales de Allen &amp; Allen cre\u00f3 el premio Allen &amp; Allen Hometown Heroes. Quer\u00edamos agradecer a los h\u00e9roes cotidianos que hacen de Virginia un gran lugar para vivir y trabajar. Haz click para aprender mas.","robots":{"index":"index","follow":"follow","max-snippet":"max-snippet:-1","max-image-preview":"max-image-preview:large","max-video-preview":"max-video-preview:-1"},"canonical":"https:\/\/www.allenandallen.com\/es\/sobre\/participacion-comunitaria\/heroes-locales\/heroes-locales-2024\/","og_locale":"es_ES","og_type":"article","og_title":"Hometown Heroes 2024","og_description":"To pay tribute to the communities we serve, the personal injury law firm of Allen & Allen created the Allen & Allen Hometown Heroes award. We wanted to thank the everyday heroes who make Virginia a great place to live and work. Click to learn more.","og_url":"https:\/\/www.allenandallen.com\/es\/sobre\/participacion-comunitaria\/heroes-locales\/heroes-locales-2024\/","og_site_name":"Allen and Allen","article_modified_time":"2026-01-09T19:01:24+00:00","twitter_card":"summary_large_image","twitter_image":"https:\/\/www.allenandallen.com\/wp-content\/uploads\/2018\/03\/hometownheroeshero_1280x530-1.jpg","twitter_site":"@allenandallen","twitter_misc":{"Est. reading time":"1 minute"},"schema":{"@context":"https:\/\/schema.org","@graph":[{"@type":"WebPage","@id":"https:\/\/www.allenandallen.com\/about\/community-involvement\/hometown-heroes\/hometown-heroes-2024\/","url":"https:\/\/www.allenandallen.com\/about\/community-involvement\/hometown-heroes\/hometown-heroes-2024\/","name":"Programa de h\u00e9roes de la ciudad natal de Allen &amp; Allen | Richmond, Fredericksburg, Charlottesville y Petersburg | Allen, Allen, Allen y Allen","isPartOf":{"@id":"https:\/\/www.allenandallen.com\/#website"},"datePublished":"2026-01-09T15:54:10+00:00","dateModified":"2026-01-09T19:01:24+00:00","description":"Para rendir homenaje a las comunidades a las que servimos, el bufete de abogados de lesiones personales de Allen &amp; Allen cre\u00f3 el premio Allen &amp; Allen Hometown Heroes. Quer\u00edamos agradecer a los h\u00e9roes cotidianos que hacen de Virginia un gran lugar para vivir y trabajar. Haz click para aprender mas.","breadcrumb":{"@id":"https:\/\/www.allenandallen.com\/about\/community-involvement\/hometown-heroes\/hometown-heroes-2024\/#breadcrumb"},"inLanguage":"es","potentialAction":[{"@type":"ReadAction","target":["https:\/\/www.allenandallen.com\/about\/community-involvement\/hometown-heroes\/hometown-heroes-2024\/"]}]},{"@type":"BreadcrumbList","@id":"https:\/\/www.allenandallen.com\/about\/community-involvement\/hometown-heroes\/hometown-heroes-2024\/#breadcrumb","itemListElement":[{"@type":"ListItem","position":1,"name":"Virginia Personal Injury Lawyer","item":"https:\/\/www.allenandallen.com\/"},{"@type":"ListItem","position":2,"name":"About Allen, Allen, Allen &#038; Allen","item":"https:\/\/www.allenandallen.com\/about\/"},{"@type":"ListItem","position":3,"name":"Community Involvement","item":"https:\/\/www.allenandallen.com\/about\/community-involvement\/"},{"@type":"ListItem","position":4,"name":"Hometown Heroes","item":"https:\/\/www.allenandallen.com\/about\/community-involvement\/hometown-heroes\/"},{"@type":"ListItem","position":5,"name":"Hometown Heroes 2024"}]},{"@type":"WebSite","@id":"https:\/\/www.allenandallen.com\/#website","url":"https:\/\/www.allenandallen.com\/","name":"Allen y Allen","description":"Protegiendo a los heridos desde 1910","potentialAction":[{"@type":"SearchAction","target":{"@type":"EntryPoint","urlTemplate":"https:\/\/www.allenandallen.com\/?s={search_term_string}"},"query-input":{"@type":"PropertyValueSpecification","valueRequired":true,"valueName":"search_term_string"}}],"inLanguage":"es"}]}},"_links":{"self":[{"href":"https:\/\/www.allenandallen.com\/es\/wp-json\/wp\/v2\/pages\/48704","targetHints":{"allow":["GET"]}}],"collection":[{"href":"https:\/\/www.allenandallen.com\/es\/wp-json\/wp\/v2\/pages"}],"about":[{"href":"https:\/\/www.allenandallen.com\/es\/wp-json\/wp\/v2\/types\/page"}],"author":[{"embeddable":true,"href":"https:\/\/www.allenandallen.com\/es\/wp-json\/wp\/v2\/users\/2"}],"replies":[{"embeddable":true,"href":"https:\/\/www.allenandallen.com\/es\/wp-json\/wp\/v2\/comments?post=48704"}],"version-history":[{"count":0,"href":"https:\/\/www.allenandallen.com\/es\/wp-json\/wp\/v2\/pages\/48704\/revisions"}],"up":[{"embeddable":true,"href":"https:\/\/www.allenandallen.com\/es\/wp-json\/wp\/v2\/pages\/42457"}],"wp:attachment":[{"href":"https:\/\/www.allenandallen.com\/es\/wp-json\/wp\/v2\/media?parent=48704"}],"curies":[{"name":"Gracias","href":"https:\/\/api.w.org\/{rel}","templated":true}]}}