{"id":457,"date":"2018-02-19T21:24:18","date_gmt":"2018-02-19T21:24:18","guid":{"rendered":"https:\/\/www.allenandallen.com\/?page_id=457"},"modified":"2025-11-10T17:57:26","modified_gmt":"2025-11-10T22:57:26","slug":"abogado-de-referencia","status":"publish","type":"page","link":"https:\/\/www.allenandallen.com\/es\/attorney-network\/referring-attorney\/","title":{"rendered":"Abogado remitente"},"content":{"rendered":"<div class=\"element element-text ajax-element\" data-type=\"text\" data-element-id=\"0\" data-element-name=\"el1500044641121\">\n<div class=\"element-box\">\n<div class=\"redactor-box\" role=\"application\">\n<div class=\"element-value ajax-value ajax-redactor read-only redactor-editor redactor_editor\" dir=\"ltr\">\n<h2>Quiere obtener los mejores resultados para sus clientes y nosotros podemos ayudarlo.<\/h2>\n<p align=\"center\"><iframe loading=\"lazy\" src=\"https:\/\/www.youtube.com\/embed\/ynKV6eJ4GUk\" width=\"560\" height=\"315\" frameborder=\"0\" allowfullscreen=\"allowfullscreen\"><\/iframe><\/p>\n<p>Cuando un individuo sufre una lesi\u00f3n catastr\u00f3fica debido a la negligencia de otro, nuestro instinto como abogados es ayudarlo. Los casos complejos de lesiones personales pueden ser incre\u00edblemente desafiantes y, a menudo, requieren compromisos de tiempo y recursos que pueden ser dif\u00edciles de manejar. Quiz\u00e1s su personal est\u00e9 demasiado limitado para ayudar a otros clientes. Tal vez el costo financiero del caso sea mayor de lo que su empresa puede manejar c\u00f3modamente. O podr\u00eda ser que litigar el caso sea inevitable o en el mejor inter\u00e9s de su cliente y se necesite un abogado litigante fuerte y experimentado.<\/p>\n<p>Los abogados de lesiones personales de Allen, Allen, Allen &amp; Allen tienen una reputaci\u00f3n bien establecida por obtener resultados exitosos en casos complejos. Valoramos nuestras relaciones con otros abogados y bufetes de abogados, y consideramos nuestras asociaciones como una oportunidad para mantener su reputaci\u00f3n, as\u00ed como la nuestra. Como resultado, una gran parte de nuestros casos nos son remitidos por otros abogados.<\/p>\n<p>El bufete de abogados Allen centra su pr\u00e1ctica exclusivamente en las reclamaciones por lesiones personales de los demandantes. Todos nuestros recursos est\u00e1n dedicados a la representaci\u00f3n de personas y sus familias que han sufrido lesiones o la p\u00e9rdida de un ser querido debido a la negligencia de otros. Nuestros abogados tienen experiencia en el manejo de casos que involucran lesiones cerebrales traum\u00e1ticas, accidentes automovil\u00edsticos y de camiones, negligencia m\u00e9dica, accidentes de autob\u00fas, responsabilidad por productos y responsabilidad de locales. Tenemos una gran experiencia trabajando con compa\u00f1\u00edas de seguros, evaluando reclamos, negociando ofertas de conciliaci\u00f3n y litigando casos cuando no se presenta una oferta justa. Nuestra excelente reputaci\u00f3n en el juicio es el resultado de nuestra amplia experiencia en tribunales y la habilidad y creatividad de nuestros abogados.<\/p>\n<p>Adem\u00e1s de utilizar nuestra experiencia y recursos para brindar un servicio excepcional al cliente, Allen &amp; Allen se enorgullece de ofrecer resultados sobresalientes. Desde 2005, hemos asegurado m\u00e1s de $1 mil millones en veredictos o acuerdos para nuestros clientes. Los abogados de Allen Law Firm han obtenido veredictos y acuerdos r\u00e9cord para nuestros clientes en casi todos los tipos de casos de lesiones personales. Nuestros abogados son implacables en la b\u00fasqueda de un resultado justo para aquellos a quienes representamos, y trabajaremos incansablemente para brindar los mismos resultados a sus clientes y a usted como socio de referencia.<\/p>\n<h3>Experiencia de abogado<\/h3>\n<p>En Allen Law Firm, nuestros abogados tienen m\u00e1s de 700 a\u00f1os de experiencia combinada en la pr\u00e1ctica de lesiones personales. Cada uno de nuestros abogados est\u00e1 capacitado para litigar casos y est\u00e1 preparado para ir a juicio si no se puede llegar a un acuerdo justo de otra manera. Damos la bienvenida a la oportunidad de aplicar nuestra experiencia y habilidad a su caso.<\/p>\n<h3>Recursos para abogados<\/h3>\n<p>Allen &amp; Allen es la firma de lesiones personales m\u00e1s grande y antigua de Virginia. Nuestra longevidad y \u00e9xito significan que tenemos los recursos financieros y el personal capacitado para apoyar cada caso y representar a su cliente con excelencia. Dos de nuestros grupos de apoyo especializados incluyen nuestro exclusivo equipo interno de investigaciones, un grupo compuesto por ex agentes de la ley que tienen experiencia en la recreaci\u00f3n de escenas y est\u00e1n capacitados en todas las facetas de la investigaci\u00f3n de accidentes, y un equipo de profesionales m\u00e9dicos que pueden ayudar con el an\u00e1lisis de lesiones, evidencia m\u00e9dica y da\u00f1os.<\/p>\n<h3>Resultados r\u00e9cord<\/h3>\n<p>M\u00e1s all\u00e1 de brindar un servicio al cliente excepcional, Allen &amp; Allen se enorgullece de ofrecer resultados sobresalientes. Desde 2005, hemos asegurado m\u00e1s de $1 mil millones en veredictos o acuerdos para nuestros clientes. Nuestros abogados son implacables en la b\u00fasqueda de un resultado justo para aquellos a quienes representamos, y trabajaremos incansablemente para brindar los mismos resultados a sus clientes.<\/p>\n<\/div>\n<\/div>\n<\/div>\n<\/div>","protected":false},"excerpt":{"rendered":"<p>Quiere obtener los mejores resultados para sus clientes y nosotros podemos ayudarlo. Cuando un individuo sufre una lesi\u00f3n catastr\u00f3fica debido a la negligencia de otro, nuestro instinto como abogados ...<\/p>","protected":false},"author":4,"featured_media":0,"parent":451,"menu_order":0,"comment_status":"closed","ping_status":"closed","template":"t-cocounsel.php","meta":{"_acf_changed":false,"footnotes":""},"class_list":["post-457","page","type-page","status-publish","hentry"],"acf":[],"yoast_head":"<!-- This site is optimized with the Yoast SEO Premium plugin v27.5 (Yoast SEO v27.5) - https:\/\/yoast.com\/product\/yoast-seo-premium-wordpress\/ -->\n<title>Referring Attorney | Allen and Allen<\/title>\n<meta name=\"description\" content=\"Partner with Allen &amp; Allen for complex personal injury cases. Experienced trial attorneys delivering exceptional results for your clients.\" \/>\n<meta name=\"robots\" content=\"index, follow, max-snippet:-1, max-image-preview:large, max-video-preview:-1\" \/>\n<link rel=\"canonical\" href=\"https:\/\/www.allenandallen.com\/es\/red-de-abogados\/abogado-de-referencia\/\" \/>\n<meta property=\"og:locale\" content=\"es_ES\" \/>\n<meta property=\"og:type\" content=\"article\" \/>\n<meta property=\"og:title\" content=\"Referring Attorney\" \/>\n<meta property=\"og:description\" content=\"Partner with Allen &amp; Allen for complex personal injury cases. Experienced trial attorneys delivering exceptional results for your clients.\" \/>\n<meta property=\"og:url\" content=\"https:\/\/www.allenandallen.com\/es\/red-de-abogados\/abogado-de-referencia\/\" \/>\n<meta property=\"og:site_name\" content=\"Allen and Allen\" \/>\n<meta property=\"article:modified_time\" content=\"2025-11-10T22:57:26+00:00\" \/>\n<meta name=\"twitter:card\" content=\"summary_large_image\" \/>\n<meta name=\"twitter:image\" content=\"https:\/\/www.allenandallen.com\/wp-content\/uploads\/2018\/02\/referringattorneyshero_1280x640.jpg\" \/>\n<meta name=\"twitter:site\" content=\"@allenandallen\" \/>\n<meta name=\"twitter:label1\" content=\"Est. reading time\" \/>\n\t<meta name=\"twitter:data1\" content=\"3 minutes\" \/>\n<!-- \/ Yoast SEO Premium plugin. -->","yoast_head_json":{"title":"Abogado de referencia | allen y allen","description":"As\u00f3ciese con Allen &amp; Allen para casos complejos de lesiones personales. Abogados litigantes con experiencia que brindan resultados excepcionales para sus clientes.","robots":{"index":"index","follow":"follow","max-snippet":"max-snippet:-1","max-image-preview":"max-image-preview:large","max-video-preview":"max-video-preview:-1"},"canonical":"https:\/\/www.allenandallen.com\/es\/red-de-abogados\/abogado-de-referencia\/","og_locale":"es_ES","og_type":"article","og_title":"Referring Attorney","og_description":"Partner with Allen & Allen for complex personal injury cases. Experienced trial attorneys delivering exceptional results for your clients.","og_url":"https:\/\/www.allenandallen.com\/es\/red-de-abogados\/abogado-de-referencia\/","og_site_name":"Allen and Allen","article_modified_time":"2025-11-10T22:57:26+00:00","twitter_card":"summary_large_image","twitter_image":"https:\/\/www.allenandallen.com\/wp-content\/uploads\/2018\/02\/referringattorneyshero_1280x640.jpg","twitter_site":"@allenandallen","twitter_misc":{"Est. reading time":"3 minutes"},"schema":{"@context":"https:\/\/schema.org","@graph":[{"@type":"WebPage","@id":"https:\/\/www.allenandallen.com\/attorney-network\/referring-attorney\/","url":"https:\/\/www.allenandallen.com\/attorney-network\/referring-attorney\/","name":"Abogado de referencia | allen y allen","isPartOf":{"@id":"https:\/\/www.allenandallen.com\/#website"},"datePublished":"2018-02-19T21:24:18+00:00","dateModified":"2025-11-10T22:57:26+00:00","description":"As\u00f3ciese con Allen &amp; Allen para casos complejos de lesiones personales. Abogados litigantes con experiencia que brindan resultados excepcionales para sus clientes.","breadcrumb":{"@id":"https:\/\/www.allenandallen.com\/attorney-network\/referring-attorney\/#breadcrumb"},"inLanguage":"es","potentialAction":[{"@type":"ReadAction","target":["https:\/\/www.allenandallen.com\/attorney-network\/referring-attorney\/"]}]},{"@type":"BreadcrumbList","@id":"https:\/\/www.allenandallen.com\/attorney-network\/referring-attorney\/#breadcrumb","itemListElement":[{"@type":"ListItem","position":1,"name":"Virginia Personal Injury Lawyer","item":"https:\/\/www.allenandallen.com\/"},{"@type":"ListItem","position":2,"name":"Attorney Network","item":"https:\/\/www.allenandallen.com\/attorney-network\/"},{"@type":"ListItem","position":3,"name":"Referring Attorney"}]},{"@type":"WebSite","@id":"https:\/\/www.allenandallen.com\/#website","url":"https:\/\/www.allenandallen.com\/","name":"Allen y Allen","description":"Protegiendo a los heridos desde 1910","potentialAction":[{"@type":"SearchAction","target":{"@type":"EntryPoint","urlTemplate":"https:\/\/www.allenandallen.com\/?s={search_term_string}"},"query-input":{"@type":"PropertyValueSpecification","valueRequired":true,"valueName":"search_term_string"}}],"inLanguage":"es"}]}},"_links":{"self":[{"href":"https:\/\/www.allenandallen.com\/es\/wp-json\/wp\/v2\/pages\/457","targetHints":{"allow":["GET"]}}],"collection":[{"href":"https:\/\/www.allenandallen.com\/es\/wp-json\/wp\/v2\/pages"}],"about":[{"href":"https:\/\/www.allenandallen.com\/es\/wp-json\/wp\/v2\/types\/page"}],"author":[{"embeddable":true,"href":"https:\/\/www.allenandallen.com\/es\/wp-json\/wp\/v2\/users\/4"}],"replies":[{"embeddable":true,"href":"https:\/\/www.allenandallen.com\/es\/wp-json\/wp\/v2\/comments?post=457"}],"version-history":[{"count":0,"href":"https:\/\/www.allenandallen.com\/es\/wp-json\/wp\/v2\/pages\/457\/revisions"}],"up":[{"embeddable":true,"href":"https:\/\/www.allenandallen.com\/es\/wp-json\/wp\/v2\/pages\/451"}],"wp:attachment":[{"href":"https:\/\/www.allenandallen.com\/es\/wp-json\/wp\/v2\/media?parent=457"}],"curies":[{"name":"Gracias","href":"https:\/\/api.w.org\/{rel}","templated":true}]}}