{"id":435,"date":"2018-02-16T21:27:31","date_gmt":"2018-02-16T21:27:31","guid":{"rendered":"https:\/\/www.allenandallen.com\/?page_id=435"},"modified":"2025-10-18T14:41:22","modified_gmt":"2025-10-18T19:41:22","slug":"carreras","status":"publish","type":"page","link":"https:\/\/www.allenandallen.com\/es\/about\/careers\/","title":{"rendered":"Carreras"},"content":{"rendered":"<p>Allen &amp; Allen se estableci\u00f3 como una empresa familiar y continuamos manteniendo una cultura familiar en la forma en que tratamos a nuestros clientes y en c\u00f3mo nos tratamos unos a otros. Seguimos buscando formas de asegurarnos de que este sea un entorno en el que la gente quiera trabajar y quiera quedarse.<\/p>\n<p>En Allen, Allen, Allen y Allen, nuestra pasi\u00f3n, dedicaci\u00f3n e integridad son la base no solo de c\u00f3mo representamos a nuestros clientes, sino tambi\u00e9n de c\u00f3mo tratamos a nuestros empleados. El servicio y la experiencia que ofrecemos a nuestros clientes solo son posibles cuando reunimos un equipo de personas capacitadas y brindamos a ese equipo el apoyo que necesitan para hacer el trabajo. Entendemos que nuestra inversi\u00f3n en usted es la mejor inversi\u00f3n que podemos hacer. Si desea ser parte de un equipo exitoso y respetado, consulte nuestras oportunidades actuales. Puede haber un puesto disponible en su \u00e1rea de excelencia.<\/p>","protected":false},"excerpt":{"rendered":"<p>Allen &amp; Allen se estableci\u00f3 como una empresa familiar y continuamos manteniendo una cultura familiar en la forma en que tratamos a nuestros clientes y en c\u00f3mo nos tratamos unos a otros. Nosotros\u2026<\/p>","protected":false},"author":4,"featured_media":0,"parent":359,"menu_order":0,"comment_status":"closed","ping_status":"closed","template":"t-careers.php","meta":{"_acf_changed":false,"footnotes":""},"class_list":["post-435","page","type-page","status-publish","hentry"],"acf":[],"yoast_head":"<!-- This site is optimized with the Yoast SEO Premium plugin v27.6 (Yoast SEO v27.6) - https:\/\/yoast.com\/product\/yoast-seo-premium-wordpress\/ -->\n<title>Careers | Virginia Personal Injury Law Firm | Allen &amp; Allen<\/title>\n<meta name=\"description\" content=\"Learn about career opportunities with Virginia personal injury law firm of Allen, Allen, Allen &amp; Allen. Voted one of the 2011 Best Places to Work in Virginia. Offices in Richmond, Petersburg, Charlottesville and Fredericksburg.\" \/>\n<meta name=\"robots\" content=\"index, follow, max-snippet:-1, max-image-preview:large, max-video-preview:-1\" \/>\n<link rel=\"canonical\" href=\"https:\/\/www.allenandallen.com\/es\/sobre\/carreras\/\" \/>\n<meta property=\"og:locale\" content=\"es_ES\" \/>\n<meta property=\"og:type\" content=\"article\" \/>\n<meta property=\"og:title\" content=\"Careers\" \/>\n<meta property=\"og:description\" content=\"Learn about career opportunities with Virginia personal injury law firm of Allen, Allen, Allen &amp; Allen. Voted one of the 2011 Best Places to Work in Virginia. Offices in Richmond, Petersburg, Charlottesville and Fredericksburg.\" \/>\n<meta property=\"og:url\" content=\"https:\/\/www.allenandallen.com\/es\/sobre\/carreras\/\" \/>\n<meta property=\"og:site_name\" content=\"Allen and Allen\" \/>\n<meta property=\"article:modified_time\" content=\"2025-10-18T19:41:22+00:00\" \/>\n<meta name=\"twitter:card\" content=\"summary_large_image\" \/>\n<meta name=\"twitter:image\" content=\"https:\/\/www.allenandallen.com\/wp-content\/uploads\/2018\/05\/careershero_1280w.jpg\" \/>\n<meta name=\"twitter:site\" content=\"@allenandallen\" \/>\n<meta name=\"twitter:label1\" content=\"Est. reading time\" \/>\n\t<meta name=\"twitter:data1\" content=\"1 minute\" \/>\n<!-- \/ Yoast SEO Premium plugin. -->","yoast_head_json":{"title":"Carreras | Bufete de abogados de lesiones personales de Virginia | Allen y Allen","description":"Conozca las oportunidades profesionales con el bufete de abogados de lesiones personales de Virginia de Allen, Allen, Allen &amp; Allen. Votado como uno de los mejores lugares para trabajar de 2011 en Virginia. Oficinas en Richmond, Petersburg, Charlottesville y Fredericksburg.","robots":{"index":"index","follow":"follow","max-snippet":"max-snippet:-1","max-image-preview":"max-image-preview:large","max-video-preview":"max-video-preview:-1"},"canonical":"https:\/\/www.allenandallen.com\/es\/sobre\/carreras\/","og_locale":"es_ES","og_type":"article","og_title":"Careers","og_description":"Learn about career opportunities with Virginia personal injury law firm of Allen, Allen, Allen & Allen. Voted one of the 2011 Best Places to Work in Virginia. Offices in Richmond, Petersburg, Charlottesville and Fredericksburg.","og_url":"https:\/\/www.allenandallen.com\/es\/sobre\/carreras\/","og_site_name":"Allen and Allen","article_modified_time":"2025-10-18T19:41:22+00:00","twitter_card":"summary_large_image","twitter_image":"https:\/\/www.allenandallen.com\/wp-content\/uploads\/2018\/05\/careershero_1280w.jpg","twitter_site":"@allenandallen","twitter_misc":{"Est. reading time":"1 minute"},"schema":{"@context":"https:\/\/schema.org","@graph":[{"@type":"WebPage","@id":"https:\/\/www.allenandallen.com\/about\/careers\/","url":"https:\/\/www.allenandallen.com\/about\/careers\/","name":"Carreras | Bufete de abogados de lesiones personales de Virginia | Allen y Allen","isPartOf":{"@id":"https:\/\/www.allenandallen.com\/#website"},"datePublished":"2018-02-16T21:27:31+00:00","dateModified":"2025-10-18T19:41:22+00:00","description":"Conozca las oportunidades profesionales con el bufete de abogados de lesiones personales de Virginia de Allen, Allen, Allen &amp; Allen. Votado como uno de los mejores lugares para trabajar de 2011 en Virginia. Oficinas en Richmond, Petersburg, Charlottesville y Fredericksburg.","breadcrumb":{"@id":"https:\/\/www.allenandallen.com\/about\/careers\/#breadcrumb"},"inLanguage":"es","potentialAction":[{"@type":"ReadAction","target":["https:\/\/www.allenandallen.com\/about\/careers\/"]}]},{"@type":"BreadcrumbList","@id":"https:\/\/www.allenandallen.com\/about\/careers\/#breadcrumb","itemListElement":[{"@type":"ListItem","position":1,"name":"Virginia Personal Injury Lawyer","item":"https:\/\/www.allenandallen.com\/"},{"@type":"ListItem","position":2,"name":"About Allen, Allen, Allen &#038; Allen","item":"https:\/\/www.allenandallen.com\/about\/"},{"@type":"ListItem","position":3,"name":"Careers"}]},{"@type":"WebSite","@id":"https:\/\/www.allenandallen.com\/#website","url":"https:\/\/www.allenandallen.com\/","name":"Allen y Allen","description":"Protegiendo a los heridos desde 1910","potentialAction":[{"@type":"SearchAction","target":{"@type":"EntryPoint","urlTemplate":"https:\/\/www.allenandallen.com\/?s={search_term_string}"},"query-input":{"@type":"PropertyValueSpecification","valueRequired":true,"valueName":"search_term_string"}}],"inLanguage":"es"}]}},"_links":{"self":[{"href":"https:\/\/www.allenandallen.com\/es\/wp-json\/wp\/v2\/pages\/435","targetHints":{"allow":["GET"]}}],"collection":[{"href":"https:\/\/www.allenandallen.com\/es\/wp-json\/wp\/v2\/pages"}],"about":[{"href":"https:\/\/www.allenandallen.com\/es\/wp-json\/wp\/v2\/types\/page"}],"author":[{"embeddable":true,"href":"https:\/\/www.allenandallen.com\/es\/wp-json\/wp\/v2\/users\/4"}],"replies":[{"embeddable":true,"href":"https:\/\/www.allenandallen.com\/es\/wp-json\/wp\/v2\/comments?post=435"}],"version-history":[{"count":0,"href":"https:\/\/www.allenandallen.com\/es\/wp-json\/wp\/v2\/pages\/435\/revisions"}],"up":[{"embeddable":true,"href":"https:\/\/www.allenandallen.com\/es\/wp-json\/wp\/v2\/pages\/359"}],"wp:attachment":[{"href":"https:\/\/www.allenandallen.com\/es\/wp-json\/wp\/v2\/media?parent=435"}],"curies":[{"name":"Gracias","href":"https:\/\/api.w.org\/{rel}","templated":true}]}}