{"id":425,"date":"2018-02-16T20:54:19","date_gmt":"2018-02-16T20:54:19","guid":{"rendered":"https:\/\/www.allenandallen.com\/?page_id=425"},"modified":"2025-05-01T09:56:48","modified_gmt":"2025-05-01T14:56:48","slug":"nuestra-historia","status":"publish","type":"page","link":"https:\/\/www.allenandallen.com\/es\/about\/our-story\/","title":{"rendered":"Allen &amp; Allen: nuestra historia"},"content":{"rendered":"<p>El bufete de abogados Allen fue fundado en 1910 por George E. Allen en el condado de Lunenburg, VA. Construyendo su pr\u00e1ctica legal sobre la filosof\u00eda de que \u201cencontramos nuestras vidas gast\u00e1ndolas al servicio de los dem\u00e1s\u201d, dedic\u00f3 su vida y trabajo a servir como defensor de los necesitados. Desde entonces, cuatro generaciones de la familia Allen han continuado con este compromiso de servicio mientras trabajan para establecer a Allen, Allen, Allen &amp; Allen como una autoridad en la prestaci\u00f3n de asistencia legal de calidad a las personas lesionadas y como una piedra angular altruista en las comunidades a las que sirven.<\/p>\n<p>Muchos eventos notables han ayudado a convertir a Allen &amp; Allen en el bufete de abogados fuerte y compasivo que es hoy. Desde logros de liderazgo respetados hasta victorias estrat\u00e9gicas en casos importantes, cada hito es un reflejo de nuestros principios fundamentales de servicio, compasi\u00f3n y respeto.<\/p>","protected":false},"excerpt":{"rendered":"<p>El bufete de abogados Allen fue fundado en 1910 por George E. Allen en el condado de Lunenburg, VA. Construyendo su pr\u00e1ctica legal sobre la filosof\u00eda de que \u201cencontramos nuestras vidas en gastar ...<\/p>","protected":false},"author":4,"featured_media":0,"parent":359,"menu_order":0,"comment_status":"closed","ping_status":"closed","template":"t-story.php","meta":{"_acf_changed":false,"footnotes":""},"class_list":["post-425","page","type-page","status-publish","hentry"],"acf":[],"yoast_head":"<!-- This site is optimized with the Yoast SEO Premium plugin v27.1 (Yoast SEO v27.1.1) - https:\/\/yoast.com\/product\/yoast-seo-premium-wordpress\/ -->\n<title>Allen &amp; Allen: Our Story | Allen and Allen<\/title>\n<meta name=\"description\" content=\"With over 100 years of experience with personal injury and medical malpractice cases, Allen &amp; Allen has a rich history of helping Virginians.\" \/>\n<meta name=\"robots\" content=\"index, follow, max-snippet:-1, max-image-preview:large, max-video-preview:-1\" \/>\n<link rel=\"canonical\" href=\"https:\/\/www.allenandallen.com\/es\/sobre\/nuestra-historia\/\" \/>\n<meta property=\"og:locale\" content=\"es_ES\" \/>\n<meta property=\"og:type\" content=\"article\" \/>\n<meta property=\"og:title\" content=\"Allen &amp; Allen: Our Story\" \/>\n<meta property=\"og:description\" content=\"With over 100 years of experience with personal injury and medical malpractice cases, Allen &amp; Allen has a rich history of helping Virginians.\" \/>\n<meta property=\"og:url\" content=\"https:\/\/www.allenandallen.com\/es\/sobre\/nuestra-historia\/\" \/>\n<meta property=\"og:site_name\" content=\"Allen and Allen\" \/>\n<meta property=\"article:modified_time\" content=\"2025-05-01T14:56:48+00:00\" \/>\n<meta name=\"twitter:card\" content=\"summary_large_image\" \/>\n<meta name=\"twitter:image\" content=\"https:\/\/www.allenandallen.com\/wp-content\/uploads\/2018\/05\/ourstoryhero_1280w.jpg\" \/>\n<meta name=\"twitter:site\" content=\"@allenandallen\" \/>\n<meta name=\"twitter:label1\" content=\"Est. reading time\" \/>\n\t<meta name=\"twitter:data1\" content=\"1 minute\" \/>\n<!-- \/ Yoast SEO Premium plugin. -->","yoast_head_json":{"title":"Allen &amp; Allen: Nuestra historia | allen y allen","description":"Con m\u00e1s de 100 a\u00f1os de experiencia en casos de lesiones personales y negligencia m\u00e9dica, Allen &amp; Allen tiene una rica historia de ayuda a los habitantes de Virginia.","robots":{"index":"index","follow":"follow","max-snippet":"max-snippet:-1","max-image-preview":"max-image-preview:large","max-video-preview":"max-video-preview:-1"},"canonical":"https:\/\/www.allenandallen.com\/es\/sobre\/nuestra-historia\/","og_locale":"es_ES","og_type":"article","og_title":"Allen & Allen: Our Story","og_description":"With over 100 years of experience with personal injury and medical malpractice cases, Allen & Allen has a rich history of helping Virginians.","og_url":"https:\/\/www.allenandallen.com\/es\/sobre\/nuestra-historia\/","og_site_name":"Allen and Allen","article_modified_time":"2025-05-01T14:56:48+00:00","twitter_card":"summary_large_image","twitter_image":"https:\/\/www.allenandallen.com\/wp-content\/uploads\/2018\/05\/ourstoryhero_1280w.jpg","twitter_site":"@allenandallen","twitter_misc":{"Est. reading time":"1 minute"},"schema":{"@context":"https:\/\/schema.org","@graph":[{"@type":"WebPage","@id":"https:\/\/www.allenandallen.com\/about\/our-story\/","url":"https:\/\/www.allenandallen.com\/about\/our-story\/","name":"Allen &amp; Allen: Nuestra historia | allen y allen","isPartOf":{"@id":"https:\/\/www.allenandallen.com\/#website"},"datePublished":"2018-02-16T20:54:19+00:00","dateModified":"2025-05-01T14:56:48+00:00","description":"Con m\u00e1s de 100 a\u00f1os de experiencia en casos de lesiones personales y negligencia m\u00e9dica, Allen &amp; Allen tiene una rica historia de ayuda a los habitantes de Virginia.","breadcrumb":{"@id":"https:\/\/www.allenandallen.com\/about\/our-story\/#breadcrumb"},"inLanguage":"es","potentialAction":[{"@type":"ReadAction","target":["https:\/\/www.allenandallen.com\/about\/our-story\/"]}]},{"@type":"BreadcrumbList","@id":"https:\/\/www.allenandallen.com\/about\/our-story\/#breadcrumb","itemListElement":[{"@type":"ListItem","position":1,"name":"Virginia Personal Injury Lawyer","item":"https:\/\/www.allenandallen.com\/"},{"@type":"ListItem","position":2,"name":"About Allen, Allen, Allen &#038; Allen","item":"https:\/\/www.allenandallen.com\/about\/"},{"@type":"ListItem","position":3,"name":"Allen &#038; Allen: Our Story"}]},{"@type":"WebSite","@id":"https:\/\/www.allenandallen.com\/#website","url":"https:\/\/www.allenandallen.com\/","name":"Allen y Allen","description":"Protegiendo a los heridos desde 1910","potentialAction":[{"@type":"SearchAction","target":{"@type":"EntryPoint","urlTemplate":"https:\/\/www.allenandallen.com\/?s={search_term_string}"},"query-input":{"@type":"PropertyValueSpecification","valueRequired":true,"valueName":"search_term_string"}}],"inLanguage":"es"}]}},"_links":{"self":[{"href":"https:\/\/www.allenandallen.com\/es\/wp-json\/wp\/v2\/pages\/425","targetHints":{"allow":["GET"]}}],"collection":[{"href":"https:\/\/www.allenandallen.com\/es\/wp-json\/wp\/v2\/pages"}],"about":[{"href":"https:\/\/www.allenandallen.com\/es\/wp-json\/wp\/v2\/types\/page"}],"author":[{"embeddable":true,"href":"https:\/\/www.allenandallen.com\/es\/wp-json\/wp\/v2\/users\/4"}],"replies":[{"embeddable":true,"href":"https:\/\/www.allenandallen.com\/es\/wp-json\/wp\/v2\/comments?post=425"}],"version-history":[{"count":0,"href":"https:\/\/www.allenandallen.com\/es\/wp-json\/wp\/v2\/pages\/425\/revisions"}],"up":[{"embeddable":true,"href":"https:\/\/www.allenandallen.com\/es\/wp-json\/wp\/v2\/pages\/359"}],"wp:attachment":[{"href":"https:\/\/www.allenandallen.com\/es\/wp-json\/wp\/v2\/media?parent=425"}],"curies":[{"name":"Gracias","href":"https:\/\/api.w.org\/{rel}","templated":true}]}}