{"id":41095,"date":"2023-04-14T08:27:00","date_gmt":"2023-04-14T13:27:00","guid":{"rendered":"https:\/\/www.allenandallen.com\/?page_id=41095"},"modified":"2026-04-10T13:37:55","modified_gmt":"2026-04-10T18:37:55","slug":"beca-gea","status":"publish","type":"page","link":"https:\/\/www.allenandallen.com\/es\/about\/community-involvement\/gea-scholarship\/","title":{"rendered":"Beca Acad\u00e9mica George E. Allen"},"content":{"rendered":"<p>Gracias por su inter\u00e9s en la Beca Acad\u00e9mica George E. Allen. Esta beca celebra la vida del fundador de nuestra firma, George E. Allen, Sr., quien super\u00f3 muchos desaf\u00edos, incluida la tr\u00e1gica p\u00e9rdida de su madre. Trabaj\u00f3 para mantenerse a s\u00ed mismo durante la universidad y la facultad de derecho, y luego fund\u00f3 Allen, Allen, Allen &amp; Allen, una de las principales firmas de abogados de lesiones personales en Virginia y en el pa\u00eds. La beca que lleva su nombre est\u00e1 dise\u00f1ada para reconocer a los estudiantes que, a pesar de obst\u00e1culos o desaf\u00edos especiales, han logrado altos est\u00e1ndares de desempe\u00f1o.<\/p>\n<p><span data-contrast=\"auto\">\u201cEn el bufete Allen, nos enorgullece ofrecer la Beca George E. Allen a estudiantes excepcionales de secundaria en las comunidades a las que servimos. Mi abuelo personificaba los valores del servicio y la perseverancia, y esta beca reconoce a los estudiantes que demuestran valores similares. Los estudiantes que premiamos se han esforzado por superar importantes desaf\u00edos personales, sin descuidar sus estudios. Cada a\u00f1o, los becarios nos inspiran y motivan.\u201d \u2014 Courtney Allen Van Winkle, Socio.\u00a0<\/span><\/p>\n<p>&nbsp;<\/p>\n<p><a class=\"button\" href=\"https:\/\/www.allenandallen.com\/es\/sobre\/participacion-comunitaria\/beca-gea\/beneficiarios-de-las-becas-de-2026\/\" target=\"_blank\" rel=\"noopener\">\u00a1Conozca a los galardonados de 2026!<\/a><\/p>\n<p>&nbsp;<\/p>\n<p>Si tiene alguna pregunta sobre la beca, comun\u00edquese con el comit\u00e9 de becas, scholarship@allenandallen.com.<\/p>\n<p style=\"text-align: center;\" aria-level=\"4\"><b><i><span data-contrast=\"none\">Conozca a los beneficiarios anteriores de la beca George E. Allen:<\/span><\/i><\/b><\/p>\n<p style=\"text-align: center;\"><a class=\"button\" href=\"https:\/\/www.allenandallen.com\/es\/sobre\/participacion-comunitaria\/beca-gea\/beneficiarios-de-las-becas-de-2025\/\" target=\"_blank\" rel=\"noopener\">2025<\/a> <a class=\"button\" href=\"https:\/\/www.allenandallen.com\/es\/sobre\/participacion-comunitaria\/beca-gea\/beneficiarios-de-las-becas-de-2024\/\" target=\"_blank\" rel=\"noopener\">2024<\/a><\/p>\n<p style=\"text-align: center;\"><a class=\"button\" href=\"https:\/\/www.allenandallen.com\/es\/sobre\/participacion-comunitaria\/beca-gea\/becarios-2023\/\" target=\"_blank\" rel=\"noopener\">2023<\/a> <a class=\"button\" href=\"https:\/\/www.allenandallen.com\/es\/sobre\/participacion-comunitaria\/beca-gea\/2021-becarios-becarios-2\/\" target=\"_blank\" rel=\"noopener\">2022\u00a0<\/a> <a class=\"button\" href=\"https:\/\/www.allenandallen.com\/es\/sobre\/participacion-comunitaria\/beca-gea\/2021-becarios-becarios\/\" target=\"_blank\" rel=\"noopener\">2021<\/a>\u00a0 <a class=\"button\" href=\"https:\/\/www.allenandallen.com\/es\/sobre\/participacion-comunitaria\/beca-gea\/becarios-2020\/\" target=\"_blank\" rel=\"noopener\">2020<\/a>\u00a0 <a class=\"button\" href=\"https:\/\/www.allenandallen.com\/es\/sobre\/participacion-comunitaria\/beca-gea\/becarios-del-ano-2019\/\" target=\"_blank\" rel=\"noopener\">2019<\/a> \u00a0<a class=\"button\" href=\"https:\/\/www.allenandallen.com\/es\/sobre\/participacion-comunitaria\/beca-gea\/becarios-del-ano-2018\/\" target=\"_blank\" rel=\"noopener\">2018<\/a> \u00a0<a class=\"button\" href=\"https:\/\/www.allenandallen.com\/es\/blog\/?category=news\" target=\"_blank\" rel=\"noopener\">2017<\/a><\/p>\n<p style=\"text-align: center;\"><span data-contrast=\"auto\"><a class=\"button\" href=\"https:\/\/www.allenandallen.com\/es\/blog\/?category=news\" target=\"_blank\" rel=\"noopener\">2016<\/a><\/span> \u00a0<span data-contrast=\"auto\"><a class=\"button\" href=\"https:\/\/www.allenandallen.com\/es\/blog\/?category=news\" target=\"_blank\" rel=\"noopener\">2015<\/a>\u00a0 <a class=\"button\" href=\"https:\/\/www.allenandallen.com\/es\/blog\/?category=news\">2014<\/a>\u00a0 <a class=\"button\" href=\"https:\/\/www.allenandallen.com\/news\/2013-george-e-allen-scholarship-winners\/\" target=\"_blank\" rel=\"noopener\">2013<\/a> \u00a0<a class=\"button\" href=\"https:\/\/www.allenandallen.com\/es\/blog\/?category=news\" target=\"_blank\" rel=\"noopener\">2012<\/a> \u00a0<a class=\"button\" href=\"https:\/\/www.allenandallen.com\/es\/blog\/?category=news\" target=\"_blank\" rel=\"noopener\">2011<\/a><\/span><\/p>\n<p style=\"text-align: center;\"><span data-contrast=\"auto\"><strong>Nota:<\/strong> Si bien esta beca est\u00e1 disponible para clientes anteriores, no podemos extender la beca a clientes actuales.<\/span><\/p>","protected":false},"excerpt":{"rendered":"<p>Gracias por su inter\u00e9s en la Beca Acad\u00e9mica George E. Allen. Esta beca celebra la vida del fundador de nuestra firma, George E. Allen, Sr., quien super\u00f3 muchos desaf\u00edos, incluidos...<\/p>","protected":false},"author":23,"featured_media":0,"parent":427,"menu_order":0,"comment_status":"closed","ping_status":"closed","template":"t-heroes.php","meta":{"_acf_changed":false,"footnotes":""},"class_list":["post-41095","page","type-page","status-publish","hentry"],"acf":[],"yoast_head":"<!-- This site is optimized with the Yoast SEO Premium plugin v27.5 (Yoast SEO v27.5) - https:\/\/yoast.com\/product\/yoast-seo-premium-wordpress\/ -->\n<title>George E. Allen Academic Scholarship | Allen and Allen<\/title>\n<meta name=\"description\" content=\"The George E. Allen Scholarship supports high school seniors in pursuing their educational dreams. Apply now and continue a legacy of excellence!\" \/>\n<meta name=\"robots\" content=\"index, follow, max-snippet:-1, max-image-preview:large, max-video-preview:-1\" \/>\n<link rel=\"canonical\" href=\"https:\/\/www.allenandallen.com\/es\/sobre\/participacion-comunitaria\/beca-gea\/\" \/>\n<meta property=\"og:locale\" content=\"es_ES\" \/>\n<meta property=\"og:type\" content=\"article\" \/>\n<meta property=\"og:title\" content=\"George E. Allen Academic Scholarship\" \/>\n<meta property=\"og:description\" content=\"The George E. Allen Scholarship supports high school seniors in pursuing their educational dreams. Apply now and continue a legacy of excellence!\" \/>\n<meta property=\"og:url\" content=\"https:\/\/www.allenandallen.com\/es\/sobre\/participacion-comunitaria\/beca-gea\/\" \/>\n<meta property=\"og:site_name\" content=\"Allen and Allen\" \/>\n<meta property=\"article:modified_time\" content=\"2026-04-10T18:37:55+00:00\" \/>\n<meta name=\"twitter:card\" content=\"summary_large_image\" \/>\n<meta name=\"twitter:image\" content=\"https:\/\/www.allenandallen.com\/wp-content\/uploads\/2018\/03\/scholarshipssinglehero_georgeeallen_1280x640.jpg\" \/>\n<meta name=\"twitter:site\" content=\"@allenandallen\" \/>\n<meta name=\"twitter:label1\" content=\"Est. reading time\" \/>\n\t<meta name=\"twitter:data1\" content=\"1 minute\" \/>\n<!-- \/ Yoast SEO Premium plugin. -->","yoast_head_json":{"title":"Beca acad\u00e9mica George E. Allen | Allen y Allen","description":"La beca George E. Allen ayuda a los estudiantes del \u00faltimo a\u00f1o de secundaria a perseguir sus sue\u00f1os educativos. \u00a1Solicite ahora y contin\u00fae un legado de excelencia!","robots":{"index":"index","follow":"follow","max-snippet":"max-snippet:-1","max-image-preview":"max-image-preview:large","max-video-preview":"max-video-preview:-1"},"canonical":"https:\/\/www.allenandallen.com\/es\/sobre\/participacion-comunitaria\/beca-gea\/","og_locale":"es_ES","og_type":"article","og_title":"George E. Allen Academic Scholarship","og_description":"The George E. Allen Scholarship supports high school seniors in pursuing their educational dreams. Apply now and continue a legacy of excellence!","og_url":"https:\/\/www.allenandallen.com\/es\/sobre\/participacion-comunitaria\/beca-gea\/","og_site_name":"Allen and Allen","article_modified_time":"2026-04-10T18:37:55+00:00","twitter_card":"summary_large_image","twitter_image":"https:\/\/www.allenandallen.com\/wp-content\/uploads\/2018\/03\/scholarshipssinglehero_georgeeallen_1280x640.jpg","twitter_site":"@allenandallen","twitter_misc":{"Est. reading time":"1 minute"},"schema":{"@context":"https:\/\/schema.org","@graph":[{"@type":"WebPage","@id":"https:\/\/www.allenandallen.com\/about\/community-involvement\/gea-scholarship\/","url":"https:\/\/www.allenandallen.com\/about\/community-involvement\/gea-scholarship\/","name":"Beca acad\u00e9mica George E. Allen | Allen y Allen","isPartOf":{"@id":"https:\/\/www.allenandallen.com\/#website"},"datePublished":"2023-04-14T13:27:00+00:00","dateModified":"2026-04-10T18:37:55+00:00","description":"La beca George E. Allen ayuda a los estudiantes del \u00faltimo a\u00f1o de secundaria a perseguir sus sue\u00f1os educativos. \u00a1Solicite ahora y contin\u00fae un legado de excelencia!","breadcrumb":{"@id":"https:\/\/www.allenandallen.com\/about\/community-involvement\/gea-scholarship\/#breadcrumb"},"inLanguage":"es","potentialAction":[{"@type":"ReadAction","target":["https:\/\/www.allenandallen.com\/about\/community-involvement\/gea-scholarship\/"]}]},{"@type":"BreadcrumbList","@id":"https:\/\/www.allenandallen.com\/about\/community-involvement\/gea-scholarship\/#breadcrumb","itemListElement":[{"@type":"ListItem","position":1,"name":"Virginia Personal Injury Lawyer","item":"https:\/\/www.allenandallen.com\/"},{"@type":"ListItem","position":2,"name":"About Allen, Allen, Allen &#038; Allen","item":"https:\/\/www.allenandallen.com\/about\/"},{"@type":"ListItem","position":3,"name":"Community Involvement","item":"https:\/\/www.allenandallen.com\/about\/community-involvement\/"},{"@type":"ListItem","position":4,"name":"George E. Allen Academic Scholarship"}]},{"@type":"WebSite","@id":"https:\/\/www.allenandallen.com\/#website","url":"https:\/\/www.allenandallen.com\/","name":"Allen y Allen","description":"Protegiendo a los heridos desde 1910","potentialAction":[{"@type":"SearchAction","target":{"@type":"EntryPoint","urlTemplate":"https:\/\/www.allenandallen.com\/?s={search_term_string}"},"query-input":{"@type":"PropertyValueSpecification","valueRequired":true,"valueName":"search_term_string"}}],"inLanguage":"es"}]}},"_links":{"self":[{"href":"https:\/\/www.allenandallen.com\/es\/wp-json\/wp\/v2\/pages\/41095","targetHints":{"allow":["GET"]}}],"collection":[{"href":"https:\/\/www.allenandallen.com\/es\/wp-json\/wp\/v2\/pages"}],"about":[{"href":"https:\/\/www.allenandallen.com\/es\/wp-json\/wp\/v2\/types\/page"}],"author":[{"embeddable":true,"href":"https:\/\/www.allenandallen.com\/es\/wp-json\/wp\/v2\/users\/23"}],"replies":[{"embeddable":true,"href":"https:\/\/www.allenandallen.com\/es\/wp-json\/wp\/v2\/comments?post=41095"}],"version-history":[{"count":4,"href":"https:\/\/www.allenandallen.com\/es\/wp-json\/wp\/v2\/pages\/41095\/revisions"}],"predecessor-version":[{"id":57804,"href":"https:\/\/www.allenandallen.com\/es\/wp-json\/wp\/v2\/pages\/41095\/revisions\/57804"}],"up":[{"embeddable":true,"href":"https:\/\/www.allenandallen.com\/es\/wp-json\/wp\/v2\/pages\/427"}],"wp:attachment":[{"href":"https:\/\/www.allenandallen.com\/es\/wp-json\/wp\/v2\/media?parent=41095"}],"curies":[{"name":"Gracias","href":"https:\/\/api.w.org\/{rel}","templated":true}]}}