{"id":38713,"date":"2022-12-28T16:23:19","date_gmt":"2022-12-28T21:23:19","guid":{"rendered":"https:\/\/www.allenandallen.com\/?page_id=38713"},"modified":"2025-11-07T12:45:30","modified_gmt":"2025-11-07T17:45:30","slug":"allen-cares-2","status":"publish","type":"page","link":"https:\/\/www.allenandallen.com\/es\/about\/community-involvement\/virginia-teacher-of-the-year\/","title":{"rendered":"Maestra del a\u00f1o de Virginia"},"content":{"rendered":"<p>Allen &amp; Allen patrocina con orgullo el programa Maestro del A\u00f1o desde 1998. Este programa, dirigido por el Departamento de Educaci\u00f3n de Virginia, reconoce el trabajo excepcional de los educadores de K-12 en Virginia. Los maestros desempe\u00f1an un papel crucial en la formaci\u00f3n de las generaciones futuras al impartirles conocimientos y valores. Tienen una enorme responsabilidad y merecen reconocimiento por sus esfuerzos. Allen &amp; Allen celebra a los maestros por su misi\u00f3n de crear un mundo mejor para todos.<\/p>\n<p>Para obtener m\u00e1s informaci\u00f3n sobre el programa Maestro del a\u00f1o, visite el sitio web del Departamento de Educaci\u00f3n de Virginia. Tambi\u00e9n puede obtener informaci\u00f3n sobre los ganadores pasados y actuales del premio a continuaci\u00f3n.<\/p>","protected":false},"excerpt":{"rendered":"<p>Allen &amp; Allen patrocina con orgullo el programa Maestro del A\u00f1o desde 1998. Este programa, dirigido por el Departamento de Educaci\u00f3n de Virginia, reconoce el trabajo excepcional de los maestros de primaria y secundaria\u2026<\/p>","protected":false},"author":20,"featured_media":0,"parent":427,"menu_order":0,"comment_status":"closed","ping_status":"closed","template":"t-heroes.php","meta":{"_acf_changed":false,"footnotes":""},"class_list":["post-38713","page","type-page","status-publish","hentry"],"acf":[],"yoast_head":"<!-- This site is optimized with the Yoast SEO Premium plugin v27.5 (Yoast SEO v27.5) - https:\/\/yoast.com\/product\/yoast-seo-premium-wordpress\/ -->\n<title>Virginia Teacher of the Year | The Allen Law Firm<\/title>\n<meta name=\"description\" content=\"Allen &amp; Allen proudly sponsors the Virginia Teacher of the Year program, honoring exceptional K-12 educators since 1998.\" \/>\n<meta name=\"robots\" content=\"index, follow, max-snippet:-1, max-image-preview:large, max-video-preview:-1\" \/>\n<link rel=\"canonical\" href=\"https:\/\/www.allenandallen.com\/es\/sobre\/participacion-comunitaria\/allen-cares-2\/\" \/>\n<meta property=\"og:locale\" content=\"es_ES\" \/>\n<meta property=\"og:type\" content=\"article\" \/>\n<meta property=\"og:title\" content=\"Virginia Teacher of the Year\" \/>\n<meta property=\"og:description\" content=\"Allen &amp; Allen proudly sponsors the Virginia Teacher of the Year program, honoring exceptional K-12 educators since 1998.\" \/>\n<meta property=\"og:url\" content=\"https:\/\/www.allenandallen.com\/es\/sobre\/participacion-comunitaria\/allen-cares-2\/\" \/>\n<meta property=\"og:site_name\" content=\"Allen and Allen\" \/>\n<meta property=\"article:modified_time\" content=\"2025-11-07T17:45:30+00:00\" \/>\n<meta name=\"twitter:card\" content=\"summary_large_image\" \/>\n<meta name=\"twitter:site\" content=\"@allenandallen\" \/>\n<meta name=\"twitter:label1\" content=\"Est. reading time\" \/>\n\t<meta name=\"twitter:data1\" content=\"1 minute\" \/>\n<!-- \/ Yoast SEO Premium plugin. -->","yoast_head_json":{"title":"Profesor del a\u00f1o en Virginia | The Allen Law Firm","description":"Allen &amp; Allen patrocina con orgullo el programa Maestro del A\u00f1o de Virginia, que honra a educadores excepcionales de K-12 desde 1998.","robots":{"index":"index","follow":"follow","max-snippet":"max-snippet:-1","max-image-preview":"max-image-preview:large","max-video-preview":"max-video-preview:-1"},"canonical":"https:\/\/www.allenandallen.com\/es\/sobre\/participacion-comunitaria\/allen-cares-2\/","og_locale":"es_ES","og_type":"article","og_title":"Virginia Teacher of the Year","og_description":"Allen & Allen proudly sponsors the Virginia Teacher of the Year program, honoring exceptional K-12 educators since 1998.","og_url":"https:\/\/www.allenandallen.com\/es\/sobre\/participacion-comunitaria\/allen-cares-2\/","og_site_name":"Allen and Allen","article_modified_time":"2025-11-07T17:45:30+00:00","twitter_card":"summary_large_image","twitter_site":"@allenandallen","twitter_misc":{"Est. reading time":"1 minute"},"schema":{"@context":"https:\/\/schema.org","@graph":[{"@type":"WebPage","@id":"https:\/\/www.allenandallen.com\/about\/community-involvement\/virginia-teacher-of-the-year\/","url":"https:\/\/www.allenandallen.com\/about\/community-involvement\/virginia-teacher-of-the-year\/","name":"Profesor del a\u00f1o en Virginia | The Allen Law Firm","isPartOf":{"@id":"https:\/\/www.allenandallen.com\/#website"},"datePublished":"2022-12-28T21:23:19+00:00","dateModified":"2025-11-07T17:45:30+00:00","description":"Allen &amp; Allen patrocina con orgullo el programa Maestro del A\u00f1o de Virginia, que honra a educadores excepcionales de K-12 desde 1998.","breadcrumb":{"@id":"https:\/\/www.allenandallen.com\/about\/community-involvement\/virginia-teacher-of-the-year\/#breadcrumb"},"inLanguage":"es","potentialAction":[{"@type":"ReadAction","target":["https:\/\/www.allenandallen.com\/about\/community-involvement\/virginia-teacher-of-the-year\/"]}]},{"@type":"BreadcrumbList","@id":"https:\/\/www.allenandallen.com\/about\/community-involvement\/virginia-teacher-of-the-year\/#breadcrumb","itemListElement":[{"@type":"ListItem","position":1,"name":"Virginia Personal Injury Lawyer","item":"https:\/\/www.allenandallen.com\/"},{"@type":"ListItem","position":2,"name":"About Allen, Allen, Allen &#038; Allen","item":"https:\/\/www.allenandallen.com\/about\/"},{"@type":"ListItem","position":3,"name":"Community Involvement","item":"https:\/\/www.allenandallen.com\/about\/community-involvement\/"},{"@type":"ListItem","position":4,"name":"Virginia Teacher of the Year"}]},{"@type":"WebSite","@id":"https:\/\/www.allenandallen.com\/#website","url":"https:\/\/www.allenandallen.com\/","name":"Allen y Allen","description":"Protegiendo a los heridos desde 1910","potentialAction":[{"@type":"SearchAction","target":{"@type":"EntryPoint","urlTemplate":"https:\/\/www.allenandallen.com\/?s={search_term_string}"},"query-input":{"@type":"PropertyValueSpecification","valueRequired":true,"valueName":"search_term_string"}}],"inLanguage":"es"}]}},"_links":{"self":[{"href":"https:\/\/www.allenandallen.com\/es\/wp-json\/wp\/v2\/pages\/38713","targetHints":{"allow":["GET"]}}],"collection":[{"href":"https:\/\/www.allenandallen.com\/es\/wp-json\/wp\/v2\/pages"}],"about":[{"href":"https:\/\/www.allenandallen.com\/es\/wp-json\/wp\/v2\/types\/page"}],"author":[{"embeddable":true,"href":"https:\/\/www.allenandallen.com\/es\/wp-json\/wp\/v2\/users\/20"}],"replies":[{"embeddable":true,"href":"https:\/\/www.allenandallen.com\/es\/wp-json\/wp\/v2\/comments?post=38713"}],"version-history":[{"count":0,"href":"https:\/\/www.allenandallen.com\/es\/wp-json\/wp\/v2\/pages\/38713\/revisions"}],"up":[{"embeddable":true,"href":"https:\/\/www.allenandallen.com\/es\/wp-json\/wp\/v2\/pages\/427"}],"wp:attachment":[{"href":"https:\/\/www.allenandallen.com\/es\/wp-json\/wp\/v2\/media?parent=38713"}],"curies":[{"name":"Gracias","href":"https:\/\/api.w.org\/{rel}","templated":true}]}}