{"id":364,"date":"2021-07-06T08:18:59","date_gmt":"2021-07-06T13:18:59","guid":{"rendered":"https:\/\/www.allenandallen.com\/?post_type=practice_areas&#038;p=364"},"modified":"2025-11-05T10:12:38","modified_gmt":"2025-11-05T15:12:38","slug":"abogado-de-accidentes-de-aviacion-en-richmond","status":"publish","type":"page","link":"https:\/\/www.allenandallen.com\/es\/richmond-aviation-accident-lawyer\/","title":{"rendered":"Richmond Abogado de Accidentes de Aviaci\u00f3n"},"content":{"rendered":"<h3>Aviation Accident Attorneys in Virginia<\/h3>\n<p>According to the\u00a0Bureau of Transportation Statistics<span style=\"font-size: 16px;\">, nearly 1.5 million Americans board commercial airplanes each day. While aircraft crashes, collisions on runways, and in-flight injuries due to pilot error or aircraft malfunction are extremely rare, they can have catastrophic results for those involved and their loved ones when they do occur.<\/span><\/p>\n<p><img loading=\"lazy\" decoding=\"async\" class=\"alignnone wp-image-35220\" src=\"https:\/\/www.allenandallen.com\/wp-content\/uploads\/2021\/07\/vista-wei-0iu_9sBnyRQ-unsplash-300x169.jpg\" alt=\"Planes at airport at night\" width=\"774\" height=\"436\" srcset=\"https:\/\/www.allenandallen.com\/wp-content\/uploads\/2021\/07\/vista-wei-0iu_9sBnyRQ-unsplash-300x169.jpg 300w, https:\/\/www.allenandallen.com\/wp-content\/uploads\/2021\/07\/vista-wei-0iu_9sBnyRQ-unsplash-1024x576.jpg 1024w, https:\/\/www.allenandallen.com\/wp-content\/uploads\/2021\/07\/vista-wei-0iu_9sBnyRQ-unsplash-768x432.jpg 768w, https:\/\/www.allenandallen.com\/wp-content\/uploads\/2021\/07\/vista-wei-0iu_9sBnyRQ-unsplash-1536x864.jpg 1536w, https:\/\/www.allenandallen.com\/wp-content\/uploads\/2021\/07\/vista-wei-0iu_9sBnyRQ-unsplash-2048x1152.jpg 2048w, https:\/\/www.allenandallen.com\/wp-content\/uploads\/2021\/07\/vista-wei-0iu_9sBnyRQ-unsplash-18x10.jpg 18w\" sizes=\"auto, (max-width: 774px) 100vw, 774px\" \/><\/p>\n<p>After an accident, it can feel as though you have more questions than answers. How will I pay my mounting medical bills? How will I support my family while I recover? What about my job? How can I seek compensation for funeral expenses and emotional trauma after losing a loved one? Do I need a lawyer to help me?<\/p>\n<p>Our <strong>Aviation Accident Attorneys<\/strong> at Allen &amp; Allen understand that you feel as though your life has been shattered, and we have made it <a href=\"https:\/\/www.allenandallen.com\/about\/\">our mission<\/a> to help you put the pieces back together.<\/p>\n<h3>What Should I Do in the Event of an Aviation Accident?<\/h3>\n<p>The federal government considers commercial jets and propeller airplanes that transport persons or cargo for compensation to be common carriers. The activities of common carriers are controlled by federal laws and regulations which generally hold them to a higher standard of care than private parties or entities which own and operate smaller aircraft.<\/p>\n<p>Because every situation involving an aircraft is different, if you are injured or a loved one is killed because of the negligence or malfunction of a common carrier, it is <strong>essential<\/strong> that you seek the advice of an attorney with <strong>extensive experience with aviation injury claims<\/strong> to help explain these complex laws and regulations and what relevance they may have in your case.<\/p>\n<p>Under Virginia law, you may have the right to recover monetary damages if you have been injured due to the negligence or recklessness of another person. In addition, the Virginia Wrongful Death Act allows the deceased&#8217;s personal representative to pursue a wrongful death claim on behalf of the decedent&#8217;s family members. Damages may include reimbursement or compensation for:<\/p>\n<ul>\n<li>Expected loss of future income.<\/li>\n<li>Loss of services, protection, care, and assistance provided by the injured.<\/li>\n<li>Medical expenses incurred as a result of the negligence.<\/li>\n<li>Future medical expenses.<\/li>\n<li>Funeral and burial expenses if the injury results in wrongful death.<\/li>\n<li>Grief, sorrow, mental anguish, and solace.<\/li>\n<li>Punitive damages in the event of willful or wanton conduct.<\/li>\n<\/ul>\n<p>Although damages in an aircraft injury or <a href=\"https:\/\/www.allenandallen.com\/richmond-wrongful-death-lawyers\/\">wrongful death case<\/a> cannot heal or bring your loved one back, a successful claim can provide your family with some security as you face an uncertain future.<\/p>\n<p>Aircraft insurance companies have the resources at their disposal to find many possible reasons to deny your claim. An <strong>experienced attorney<\/strong> who has navigated the murky waters of airplane and helicopter personal injury and wrongful death cases with positive results is crucial to the success of your claim.<\/p>\n<p>At Allen &amp; Allen, we have a <a href=\"https:\/\/www.allenandallen.com\/attorneys\/\">team of lawyers<\/a> dedicated to handling aviation personal injury claims. You can discuss your unique situation at no cost by <a href=\"https:\/\/www.allenandallen.com\/schedule-a-consultation\/\">calling Allen &amp; Allen today<\/a>. Ours is a family firm built on compassionate service, and we are <strong>committed<\/strong> to protecting our clients throughout their recovery and will fight for their fair treatment and compensation.<\/p>\n<h3>Why Choose Allen &amp; Allen?<\/h3>\n<p>While the circumstances behind every aircraft-related injury are different, one fact holds true for all\u2014the right attorney is necessary to ensure you receive the support you need.<\/p>\n<p>Allen &amp; Allen is a family firm built on compassionate service and aggressive advocacy. We are committed to protecting our clients throughout their recovery and will fight for your fair treatment and compensation.<\/p>\n<p>No matter how severe your injury may be, an attorney can help you to navigate the intimidating field of insurance claims to make sure you recover the compensation you deserve. You can discuss your unique situation at no cost by calling us today.<\/p>\n<h3>Office Locations<\/h3>\n<ul>\n<li><a href=\"https:\/\/www.allenandallen.com\/richmond-personal-injury-lawyer\/\" target=\"_blank\" rel=\"noopener\">Richmond<\/a><\/li>\n<li><a href=\"https:\/\/www.allenandallen.com\/charlottesville-personal-injury-lawyer\/\" target=\"_blank\" rel=\"noopener\">Charlottesville<\/a><\/li>\n<li><a href=\"https:\/\/www.allenandallen.com\/fredericksburg-personal-injury-lawyer\/\" target=\"_blank\" rel=\"noopener\">Fredericksburg<\/a><\/li>\n<li><a href=\"https:\/\/www.allenandallen.com\/petersburg-personal-injury-lawyer\/\" target=\"_blank\" rel=\"noopener\">Petersburg<\/a><\/li>\n<li><a href=\"https:\/\/www.allenandallen.com\/stafford-personal-injury-lawyer\/\" target=\"_blank\" rel=\"noopener\">Stafford<\/a><\/li>\n<li><a href=\"https:\/\/www.allenandallen.com\/chesterfield-personal-injury-lawyer\/\" target=\"_blank\" rel=\"noopener\">Chesterfield<\/a><\/li>\n<li><a href=\"https:\/\/www.allenandallen.com\/mechanicsville-personal-injury-lawyer\/\" target=\"_blank\" rel=\"noopener\">Mechanicsville<\/a><\/li>\n<\/ul>\n<h3>Aviation Accident Resources<\/h3>\n<ul>\n<li><a href=\"https:\/\/www.allenandallen.com\/blog\/drones-and-your-personal-safety\/\" target=\"_blank\" rel=\"noopener\">Drones and Your Personal Safety<\/a> &#8211; The dangers of drones and the legal responsibilities of drone owners<\/li>\n<\/ul>\n<p><script type=\"application\/ld+json\">\n{\n  \"@context\":\"https:\/\/schema.org\",\n  \"@graph\":[\n    {\n      \"@type\":\"Organization\",\n      \"@id\":\"https:\/\/www.allenandallen.com\/#org\",\n      \"name\":\"Allen, Allen, Allen & Allen, P.C.\",\n      \"url\":\"https:\/\/www.allenandallen.com\/\",\n      \"sameAs\":[\n        \"https:\/\/www.facebook.com\/allenandallen\",\n        \"https:\/\/www.linkedin.com\/company\/allen-allen-allen-allen\"\n      ],\n      \"contactPoint\":[\n        {\n          \"@type\":\"ContactPoint\",\n          \"telephone\":\"+1-866-388-1307\",\n          \"contactType\":\"customer service\",\n          \"areaServed\":\"US\",\n          \"availableLanguage\":[\"English\"]\n        }\n      ]\n    },{\n      \"@type\":\"LegalService\",\n      \"@id\":\"https:\/\/www.allenandallen.com\/#richmond\",\n      \"name\":\"Allen, Allen, Allen & Allen \u2014 Richmond Office\",\n      \"url\":\"https:\/\/www.allenandallen.com\/locations\/\",\n      \"parentOrganization\":{\"@id\":\"https:\/\/www.allenandallen.com\/#org\"},\n      \"telephone\":\"+1-804-886-1903\",\n      \"address\":{\n        \"@type\":\"PostalAddress\",\n        \"streetAddress\":\"1809 Staples Mill Road\",\n        \"addressLocality\":\"Richmond\",\n        \"addressRegion\":\"VA\",\n        \"postalCode\":\"23230\",\n        \"addressCountry\":\"US\"\n      },\n      \"areaServed\":[\n        {\"@type\":\"City\",\"name\":\"Richmond\"},\n        {\"@type\":\"State\",\"name\":\"Virginia\"}\n      ],\n      \"openingHoursSpecification\":[\n        {\"@type\":\"OpeningHoursSpecification\",\"dayOfWeek\":\"Monday\"},\n        {\"@type\":\"OpeningHoursSpecification\",\"dayOfWeek\":\"Tuesday\"},\n        {\"@type\":\"OpeningHoursSpecification\",\"dayOfWeek\":\"Wednesday\"},\n        {\"@type\":\"OpeningHoursSpecification\",\"dayOfWeek\":\"Thursday\"},\n        {\"@type\":\"OpeningHoursSpecification\",\"dayOfWeek\":\"Friday\"}\n      ],\n      \"knowsAbout\":[\n        \"Aviation accident law\",\n        \"Airplane crashes\",\n        \"Helicopter crashes\",\n        \"Private and charter aircraft accidents\",\n        \"Pilot error and crew negligence\",\n        \"Maintenance error and mechanical failure\",\n        \"Product liability for aircraft\/parts\",\n        \"Runway incursions and ground collisions\",\n        \"In-flight turbulence injuries\",\n        \"FAA regulations and NTSB investigations\",\n        \"Wrongful death in aviation incidents\"\n      ],\n      \"hasOfferCatalog\":{\n        \"@type\":\"OfferCatalog\",\n        \"name\":\"Aviation Accident Legal Services\",\n        \"itemListElement\":[\n          {\n            \"@type\":\"Offer\",\n            \"itemOffered\":{\n              \"@type\":\"Service\",\n              \"name\":\"Aviation Accident Lawyer Representation\",\n              \"url\":\"https:\/\/www.allenandallen.com\/richmond-aviation-accident-lawyer\/\"\n            }\n          }\n        ]\n      },\n      \"mainEntityOfPage\":\"https:\/\/www.allenandallen.com\/richmond-aviation-accident-lawyer\/\"\n    }\n  ]\n}\n<\/script><\/p>\n","protected":false},"excerpt":{"rendered":"<p>Abogados de accidentes de aviaci\u00f3n en Virginia Seg\u00fan la Oficina de Estad\u00edsticas de Transporte, casi 1,5 millones de estadounidenses abordan aviones comerciales cada d\u00eda. Mientras que los accidentes a\u00e9reos, las colisiones en las pistas y las lesiones en vuelo debido...<\/p>","protected":false},"author":4,"featured_media":0,"parent":0,"menu_order":0,"comment_status":"closed","ping_status":"closed","template":"t-practice-areas.php","meta":{"_acf_changed":false,"footnotes":""},"class_list":["post-364","page","type-page","status-publish","hentry"],"acf":[],"yoast_head":"<!-- This site is optimized with the Yoast SEO Premium plugin v27.5 (Yoast SEO v27.5) - https:\/\/yoast.com\/product\/yoast-seo-premium-wordpress\/ -->\n<title>Richmond Aviation Accident Lawyer | Allen and Allen<\/title>\n<meta name=\"description\" content=\"Virginia Airplane Accident Lawyers at Allen &amp; Allen. Serving Richmond, Petersburg, Charlottesville &amp; Fredericksburg. Get experienced legal representation.\" \/>\n<meta name=\"robots\" content=\"index, follow, max-snippet:-1, max-image-preview:large, max-video-preview:-1\" \/>\n<link rel=\"canonical\" href=\"https:\/\/www.allenandallen.com\/es\/abogado-de-accidentes-de-aviacion-en-richmond\/\" \/>\n<meta property=\"og:locale\" content=\"es_ES\" \/>\n<meta property=\"og:type\" content=\"article\" \/>\n<meta property=\"og:title\" content=\"Richmond Aviation Accident Lawyer\" \/>\n<meta property=\"og:description\" content=\"Virginia Airplane Accident Lawyers at Allen &amp; Allen. Serving Richmond, Petersburg, Charlottesville &amp; Fredericksburg. Get experienced legal representation.\" \/>\n<meta property=\"og:url\" content=\"https:\/\/www.allenandallen.com\/es\/abogado-de-accidentes-de-aviacion-en-richmond\/\" \/>\n<meta property=\"og:site_name\" content=\"Allen and Allen\" \/>\n<meta property=\"article:modified_time\" content=\"2025-11-05T15:12:38+00:00\" \/>\n<meta property=\"og:image\" content=\"https:\/\/www.allenandallen.com\/wp-content\/uploads\/2021\/07\/vista-wei-0iu_9sBnyRQ-unsplash-scaled.jpg\" \/>\n\t<meta property=\"og:image:width\" content=\"2560\" \/>\n\t<meta property=\"og:image:height\" content=\"1440\" \/>\n\t<meta property=\"og:image:type\" content=\"image\/jpeg\" \/>\n<meta name=\"twitter:card\" content=\"summary_large_image\" \/>\n<meta name=\"twitter:image\" content=\"https:\/\/www.allenandallen.com\/wp-content\/uploads\/2018\/02\/plane_hero_1280x640.jpg\" \/>\n<meta name=\"twitter:site\" content=\"@allenandallen\" \/>\n<meta name=\"twitter:label1\" content=\"Est. reading time\" \/>\n\t<meta name=\"twitter:data1\" content=\"4 minutes\" \/>\n<!-- \/ Yoast SEO Premium plugin. -->","yoast_head_json":{"title":"Richmond Abogado de accidentes de aviaci\u00f3n | Allen y Allen","description":"Abogados de accidentes de avi\u00f3n en Virginia de Allen &amp; Allen. Sirviendo a Richmond, Petersburg, Charlottesville y Fredericksburg. Obtenga representaci\u00f3n legal con experiencia.","robots":{"index":"index","follow":"follow","max-snippet":"max-snippet:-1","max-image-preview":"max-image-preview:large","max-video-preview":"max-video-preview:-1"},"canonical":"https:\/\/www.allenandallen.com\/es\/abogado-de-accidentes-de-aviacion-en-richmond\/","og_locale":"es_ES","og_type":"article","og_title":"Richmond Aviation Accident Lawyer","og_description":"Virginia Airplane Accident Lawyers at Allen & Allen. Serving Richmond, Petersburg, Charlottesville & Fredericksburg. Get experienced legal representation.","og_url":"https:\/\/www.allenandallen.com\/es\/abogado-de-accidentes-de-aviacion-en-richmond\/","og_site_name":"Allen and Allen","article_modified_time":"2025-11-05T15:12:38+00:00","og_image":[{"width":2560,"height":1440,"url":"https:\/\/www.allenandallen.com\/wp-content\/uploads\/2021\/07\/vista-wei-0iu_9sBnyRQ-unsplash-scaled.jpg","type":"image\/jpeg"}],"twitter_card":"summary_large_image","twitter_image":"https:\/\/www.allenandallen.com\/wp-content\/uploads\/2018\/02\/plane_hero_1280x640.jpg","twitter_site":"@allenandallen","twitter_misc":{"Est. reading time":"4 minutes"},"schema":{"@context":"https:\/\/schema.org","@graph":[{"@type":"WebPage","@id":"https:\/\/www.allenandallen.com\/richmond-aviation-accident-lawyer\/","url":"https:\/\/www.allenandallen.com\/richmond-aviation-accident-lawyer\/","name":"Richmond Abogado de accidentes de aviaci\u00f3n | Allen y Allen","isPartOf":{"@id":"https:\/\/www.allenandallen.com\/#website"},"primaryImageOfPage":{"@id":"https:\/\/www.allenandallen.com\/richmond-aviation-accident-lawyer\/#primaryimage"},"image":{"@id":"https:\/\/www.allenandallen.com\/richmond-aviation-accident-lawyer\/#primaryimage"},"thumbnailUrl":"https:\/\/www.allenandallen.com\/wp-content\/uploads\/2021\/07\/vista-wei-0iu_9sBnyRQ-unsplash-300x169.jpg","datePublished":"2021-07-06T13:18:59+00:00","dateModified":"2025-11-05T15:12:38+00:00","description":"Abogados de accidentes de avi\u00f3n en Virginia de Allen &amp; Allen. Sirviendo a Richmond, Petersburg, Charlottesville y Fredericksburg. Obtenga representaci\u00f3n legal con experiencia.","breadcrumb":{"@id":"https:\/\/www.allenandallen.com\/richmond-aviation-accident-lawyer\/#breadcrumb"},"inLanguage":"es","potentialAction":[{"@type":"ReadAction","target":["https:\/\/www.allenandallen.com\/richmond-aviation-accident-lawyer\/"]}]},{"@type":"ImageObject","inLanguage":"es","@id":"https:\/\/www.allenandallen.com\/richmond-aviation-accident-lawyer\/#primaryimage","url":"https:\/\/www.allenandallen.com\/wp-content\/uploads\/2021\/07\/vista-wei-0iu_9sBnyRQ-unsplash-300x169.jpg","contentUrl":"https:\/\/www.allenandallen.com\/wp-content\/uploads\/2021\/07\/vista-wei-0iu_9sBnyRQ-unsplash-300x169.jpg"},{"@type":"BreadcrumbList","@id":"https:\/\/www.allenandallen.com\/richmond-aviation-accident-lawyer\/#breadcrumb","itemListElement":[{"@type":"ListItem","position":1,"name":"Virginia Personal Injury Lawyer","item":"https:\/\/www.allenandallen.com\/"},{"@type":"ListItem","position":2,"name":"Richmond Aviation Accident Lawyer"}]},{"@type":"WebSite","@id":"https:\/\/www.allenandallen.com\/#website","url":"https:\/\/www.allenandallen.com\/","name":"Allen y Allen","description":"Protegiendo a los heridos desde 1910","potentialAction":[{"@type":"SearchAction","target":{"@type":"EntryPoint","urlTemplate":"https:\/\/www.allenandallen.com\/?s={search_term_string}"},"query-input":{"@type":"PropertyValueSpecification","valueRequired":true,"valueName":"search_term_string"}}],"inLanguage":"es"}]}},"_links":{"self":[{"href":"https:\/\/www.allenandallen.com\/es\/wp-json\/wp\/v2\/pages\/364","targetHints":{"allow":["GET"]}}],"collection":[{"href":"https:\/\/www.allenandallen.com\/es\/wp-json\/wp\/v2\/pages"}],"about":[{"href":"https:\/\/www.allenandallen.com\/es\/wp-json\/wp\/v2\/types\/page"}],"author":[{"embeddable":true,"href":"https:\/\/www.allenandallen.com\/es\/wp-json\/wp\/v2\/users\/4"}],"replies":[{"embeddable":true,"href":"https:\/\/www.allenandallen.com\/es\/wp-json\/wp\/v2\/comments?post=364"}],"version-history":[{"count":0,"href":"https:\/\/www.allenandallen.com\/es\/wp-json\/wp\/v2\/pages\/364\/revisions"}],"wp:attachment":[{"href":"https:\/\/www.allenandallen.com\/es\/wp-json\/wp\/v2\/media?parent=364"}],"curies":[{"name":"Gracias","href":"https:\/\/api.w.org\/{rel}","templated":true}]}}