{"id":361,"date":"2018-02-15T21:13:33","date_gmt":"2018-02-15T21:13:33","guid":{"rendered":"https:\/\/www.allenandallen.com\/?page_id=361"},"modified":"2025-11-03T16:26:17","modified_gmt":"2025-11-03T21:26:17","slug":"areas-de-practica","status":"publish","type":"page","link":"https:\/\/www.allenandallen.com\/es\/practice-areas\/","title":{"rendered":"Areas de pr\u00e1ctica"},"content":{"rendered":"<p>Allen &amp; Allen es el bufete de abogados de lesiones personales m\u00e1s grande y antiguo de Virginia. Nuestra fuerza, longevidad y reputaci\u00f3n son el resultado de nuestra dedicaci\u00f3n a brindar los resultados que nuestros clientes merecen. Enfocarnos \u00fanicamente en casos de lesiones personales nos permite desarrollar experiencia en lo que hacemos: lograr justicia para los heridos.<\/p>\n<p>Un abogado de Allen &amp; Allen puede ayudarlo a lograr justicia para usted despu\u00e9s de estos tipos de accidentes:<\/p>\n<p><a name=\"parea\"><\/a><\/p>","protected":false},"excerpt":{"rendered":"<p>Allen &amp; Allen es el bufete de abogados de lesiones personales m\u00e1s grande y antiguo de Virginia. Nuestra fuerza, longevidad y reputaci\u00f3n son todos el resultado de nuestra dedicaci\u00f3n para brindar los resultados que nuestro ...<\/p>","protected":false},"author":3,"featured_media":0,"parent":0,"menu_order":0,"comment_status":"closed","ping_status":"closed","template":"t-practice-areas.php","meta":{"_acf_changed":false,"footnotes":""},"class_list":["post-361","page","type-page","status-publish","hentry"],"acf":[],"yoast_head":"<!-- This site is optimized with the Yoast SEO Premium plugin v27.4 (Yoast SEO v27.4) - https:\/\/yoast.com\/product\/yoast-seo-premium-wordpress\/ -->\n<title>Practice Areas | Virginia Personal Injury Attorneys | Allen &amp; Allen<\/title>\n<meta name=\"description\" content=\"Virginia Personal Injury Attorneys specializing in wrongful death, medical malpractice, and personal injury cases. Call for your free consultation.\" \/>\n<meta name=\"robots\" content=\"index, follow, max-snippet:-1, max-image-preview:large, max-video-preview:-1\" \/>\n<link rel=\"canonical\" href=\"https:\/\/www.allenandallen.com\/es\/areas-de-practica\/\" \/>\n<meta property=\"og:locale\" content=\"es_ES\" \/>\n<meta property=\"og:type\" content=\"article\" \/>\n<meta property=\"og:title\" content=\"Practice Areas\" \/>\n<meta property=\"og:description\" content=\"Virginia Personal Injury Attorneys specializing in wrongful death, medical malpractice, and personal injury cases. Call for your free consultation.\" \/>\n<meta property=\"og:url\" content=\"https:\/\/www.allenandallen.com\/es\/areas-de-practica\/\" \/>\n<meta property=\"og:site_name\" content=\"Allen and Allen\" \/>\n<meta property=\"article:modified_time\" content=\"2025-11-03T21:26:17+00:00\" \/>\n<meta name=\"twitter:card\" content=\"summary_large_image\" \/>\n<meta name=\"twitter:image\" content=\"https:\/\/www.allenandallen.com\/wp-content\/uploads\/2018\/03\/practicehero_1280x665.jpg\" \/>\n<meta name=\"twitter:site\" content=\"@allenandallen\" \/>\n<meta name=\"twitter:label1\" content=\"Est. reading time\" \/>\n\t<meta name=\"twitter:data1\" content=\"1 minute\" \/>\n<!-- \/ Yoast SEO Premium plugin. -->","yoast_head_json":{"title":"\u00c1reas de pr\u00e1ctica | Abogados de lesiones personales de Virginia | Allen y Allen","description":"Abogados de lesiones personales de Virginia que se especializan en casos de muerte por negligencia, negligencia m\u00e9dica y lesiones personales. Llame para su consulta gratuita.","robots":{"index":"index","follow":"follow","max-snippet":"max-snippet:-1","max-image-preview":"max-image-preview:large","max-video-preview":"max-video-preview:-1"},"canonical":"https:\/\/www.allenandallen.com\/es\/areas-de-practica\/","og_locale":"es_ES","og_type":"article","og_title":"Practice Areas","og_description":"Virginia Personal Injury Attorneys specializing in wrongful death, medical malpractice, and personal injury cases. Call for your free consultation.","og_url":"https:\/\/www.allenandallen.com\/es\/areas-de-practica\/","og_site_name":"Allen and Allen","article_modified_time":"2025-11-03T21:26:17+00:00","twitter_card":"summary_large_image","twitter_image":"https:\/\/www.allenandallen.com\/wp-content\/uploads\/2018\/03\/practicehero_1280x665.jpg","twitter_site":"@allenandallen","twitter_misc":{"Est. reading time":"1 minute"},"schema":{"@context":"https:\/\/schema.org","@graph":[{"@type":"WebPage","@id":"https:\/\/www.allenandallen.com\/practice-areas\/","url":"https:\/\/www.allenandallen.com\/practice-areas\/","name":"\u00c1reas de pr\u00e1ctica | Abogados de lesiones personales de Virginia | Allen y Allen","isPartOf":{"@id":"https:\/\/www.allenandallen.com\/#website"},"datePublished":"2018-02-15T21:13:33+00:00","dateModified":"2025-11-03T21:26:17+00:00","description":"Abogados de lesiones personales de Virginia que se especializan en casos de muerte por negligencia, negligencia m\u00e9dica y lesiones personales. Llame para su consulta gratuita.","breadcrumb":{"@id":"https:\/\/www.allenandallen.com\/practice-areas\/#breadcrumb"},"inLanguage":"es","potentialAction":[{"@type":"ReadAction","target":["https:\/\/www.allenandallen.com\/practice-areas\/"]}]},{"@type":"BreadcrumbList","@id":"https:\/\/www.allenandallen.com\/practice-areas\/#breadcrumb","itemListElement":[{"@type":"ListItem","position":1,"name":"Virginia Personal Injury Lawyer","item":"https:\/\/www.allenandallen.com\/"},{"@type":"ListItem","position":2,"name":"Practice Areas"}]},{"@type":"WebSite","@id":"https:\/\/www.allenandallen.com\/#website","url":"https:\/\/www.allenandallen.com\/","name":"Allen y Allen","description":"Protegiendo a los heridos desde 1910","potentialAction":[{"@type":"SearchAction","target":{"@type":"EntryPoint","urlTemplate":"https:\/\/www.allenandallen.com\/?s={search_term_string}"},"query-input":{"@type":"PropertyValueSpecification","valueRequired":true,"valueName":"search_term_string"}}],"inLanguage":"es"}]}},"_links":{"self":[{"href":"https:\/\/www.allenandallen.com\/es\/wp-json\/wp\/v2\/pages\/361","targetHints":{"allow":["GET"]}}],"collection":[{"href":"https:\/\/www.allenandallen.com\/es\/wp-json\/wp\/v2\/pages"}],"about":[{"href":"https:\/\/www.allenandallen.com\/es\/wp-json\/wp\/v2\/types\/page"}],"author":[{"embeddable":true,"href":"https:\/\/www.allenandallen.com\/es\/wp-json\/wp\/v2\/users\/3"}],"replies":[{"embeddable":true,"href":"https:\/\/www.allenandallen.com\/es\/wp-json\/wp\/v2\/comments?post=361"}],"version-history":[{"count":0,"href":"https:\/\/www.allenandallen.com\/es\/wp-json\/wp\/v2\/pages\/361\/revisions"}],"wp:attachment":[{"href":"https:\/\/www.allenandallen.com\/es\/wp-json\/wp\/v2\/media?parent=361"}],"curies":[{"name":"Gracias","href":"https:\/\/api.w.org\/{rel}","templated":true}]}}