{"id":359,"date":"2018-02-15T21:08:44","date_gmt":"2018-02-15T21:08:44","guid":{"rendered":"https:\/\/www.allenandallen.com\/?page_id=359"},"modified":"2025-11-13T11:40:14","modified_gmt":"2025-11-13T16:40:14","slug":"sobre","status":"publish","type":"page","link":"https:\/\/www.allenandallen.com\/es\/about\/","title":{"rendered":"Acerca de Allen, Allen, Allen y Allen"},"content":{"rendered":"<h2>Soy un allen<\/h2>\n<p>Allen, Allen, Allen &amp; Allen es un bufete de abogados especializado en lesiones personales con m\u00e1s de 115 a\u00f1os de experiencia protegiendo a las personas lesionadas. Nuestro bufete fue fundado en 1910 por George E. Allen y, aunque ha crecido exponencialmente durante el \u00faltimo siglo, nuestro equipo sigue comprometido con la misi\u00f3n fundacional de George: servir a quienes lo necesitan.<\/p>\n<p>Hoy, un equipo compasivo compuesto por <a href=\"https:\/\/www.allenandallen.com\/es\/abogados\/\">m\u00e1s de 35 abogados<\/a> Un equipo de apoyo altamente capacitado brinda una defensa y asesor\u00eda firmes para los derechos e intereses legales de las personas lesionadas. Por ejemplo, Allen &amp; Allen obtuvo el mayor acuerdo extrajudicial individual en la historia de Virginia hasta ese momento, por un monto de 152.000 d\u00f3lares. Nos impulsa un firme compromiso con el servicio, tanto a nuestros clientes como a nuestra comunidad, y ese compromiso se refleja en todo lo que hacemos. Esto es lo que queremos decir cuando afirmamos: \u201cSoy parte de Allen\u201d.\u201d<\/p>\n<p><em data-redactor-tag=\"em\">\u201cCuanto m\u00e1s de nuestra vida le damos a los dem\u00e1s, m\u00e1s plena y m\u00e1s rica, m\u00e1s grande y m\u00e1s grandiosa, m\u00e1s hermosa y m\u00e1s feliz se vuelve nuestra propia vida\u2026 nuestro amor, nuestro servicio, nuestra ayuda a los dem\u00e1s, invariablemente regresa a nosotros. &quot; \u2013George E. Allen, Sr.<\/em><\/p>","protected":false},"excerpt":{"rendered":"<p>I Am an Allen Allen, Allen, Allen, &amp; Allen is a personal injury law firm with over 115 years of experience protecting the injured. Our firm was established in 1910&#8230;<\/p>","protected":false},"author":3,"featured_media":0,"parent":0,"menu_order":0,"comment_status":"closed","ping_status":"closed","template":"t-about.php","meta":{"_acf_changed":false,"footnotes":""},"class_list":["post-359","page","type-page","status-publish","hentry"],"acf":[],"yoast_head":"<!-- This site is optimized with the Yoast SEO Premium plugin v27.5 (Yoast SEO v27.5) - https:\/\/yoast.com\/product\/yoast-seo-premium-wordpress\/ -->\n<title>About Us | Allen, Allen, Allen &amp; Allen<\/title>\n<meta name=\"description\" content=\"Virginia personal injury law firm Allen &amp; Allen has over 100 years of experience in car accidents, truck accidents, wrongful death, medical malpractice, and brain injury cases. Free consultations are available in our Richmond, Fredericksburg, Petersburg, and Charlottesville area offices.\" \/>\n<meta name=\"robots\" content=\"index, follow, max-snippet:-1, max-image-preview:large, max-video-preview:-1\" \/>\n<link rel=\"canonical\" href=\"https:\/\/www.allenandallen.com\/es\/sobre\/\" \/>\n<meta property=\"og:locale\" content=\"es_ES\" \/>\n<meta property=\"og:type\" content=\"article\" \/>\n<meta property=\"og:title\" content=\"About Allen, Allen, Allen &amp; Allen\" \/>\n<meta property=\"og:description\" content=\"Virginia personal injury law firm Allen &amp; Allen has over 100 years of experience in car accidents, truck accidents, wrongful death, medical malpractice, and brain injury cases. Free consultations are available in our Richmond, Fredericksburg, Petersburg, and Charlottesville area offices.\" \/>\n<meta property=\"og:url\" content=\"https:\/\/www.allenandallen.com\/es\/sobre\/\" \/>\n<meta property=\"og:site_name\" content=\"Allen and Allen\" \/>\n<meta property=\"article:modified_time\" content=\"2025-11-13T16:40:14+00:00\" \/>\n<meta name=\"twitter:card\" content=\"summary_large_image\" \/>\n<meta name=\"twitter:image\" content=\"https:\/\/www.allenandallen.com\/wp-content\/uploads\/2018\/02\/abouthero_1280x530.jpg\" \/>\n<meta name=\"twitter:site\" content=\"@allenandallen\" \/>\n<meta name=\"twitter:label1\" content=\"Est. reading time\" \/>\n\t<meta name=\"twitter:data1\" content=\"1 minute\" \/>\n<!-- \/ Yoast SEO Premium plugin. -->","yoast_head_json":{"title":"Acerca de nosotros | Allen, Allen, Allen y Allen","description":"El bufete de abogados de lesiones personales de Virginia, Allen &amp; Allen, tiene m\u00e1s de 100 a\u00f1os de experiencia en casos de accidentes automovil\u00edsticos, accidentes de camiones, muerte por negligencia, negligencia m\u00e9dica y lesiones cerebrales. Consultas gratuitas est\u00e1n disponibles en nuestras oficinas de \u00e1rea Richmond, Fredericksburg, Petersburg y Charlottesville.","robots":{"index":"index","follow":"follow","max-snippet":"max-snippet:-1","max-image-preview":"max-image-preview:large","max-video-preview":"max-video-preview:-1"},"canonical":"https:\/\/www.allenandallen.com\/es\/sobre\/","og_locale":"es_ES","og_type":"article","og_title":"About Allen, Allen, Allen & Allen","og_description":"Virginia personal injury law firm Allen & Allen has over 100 years of experience in car accidents, truck accidents, wrongful death, medical malpractice, and brain injury cases. Free consultations are available in our Richmond, Fredericksburg, Petersburg, and Charlottesville area offices.","og_url":"https:\/\/www.allenandallen.com\/es\/sobre\/","og_site_name":"Allen and Allen","article_modified_time":"2025-11-13T16:40:14+00:00","twitter_card":"summary_large_image","twitter_image":"https:\/\/www.allenandallen.com\/wp-content\/uploads\/2018\/02\/abouthero_1280x530.jpg","twitter_site":"@allenandallen","twitter_misc":{"Est. reading time":"1 minute"},"schema":{"@context":"https:\/\/schema.org","@graph":[{"@type":"WebPage","@id":"https:\/\/www.allenandallen.com\/about\/","url":"https:\/\/www.allenandallen.com\/about\/","name":"Acerca de nosotros | Allen, Allen, Allen y Allen","isPartOf":{"@id":"https:\/\/www.allenandallen.com\/#website"},"datePublished":"2018-02-15T21:08:44+00:00","dateModified":"2025-11-13T16:40:14+00:00","description":"El bufete de abogados de lesiones personales de Virginia, Allen &amp; Allen, tiene m\u00e1s de 100 a\u00f1os de experiencia en casos de accidentes automovil\u00edsticos, accidentes de camiones, muerte por negligencia, negligencia m\u00e9dica y lesiones cerebrales. Consultas gratuitas est\u00e1n disponibles en nuestras oficinas de \u00e1rea Richmond, Fredericksburg, Petersburg y Charlottesville.","breadcrumb":{"@id":"https:\/\/www.allenandallen.com\/about\/#breadcrumb"},"inLanguage":"es","potentialAction":[{"@type":"ReadAction","target":["https:\/\/www.allenandallen.com\/about\/"]}]},{"@type":"BreadcrumbList","@id":"https:\/\/www.allenandallen.com\/about\/#breadcrumb","itemListElement":[{"@type":"ListItem","position":1,"name":"Virginia Personal Injury Lawyer","item":"https:\/\/www.allenandallen.com\/"},{"@type":"ListItem","position":2,"name":"About Allen, Allen, Allen &#038; Allen"}]},{"@type":"WebSite","@id":"https:\/\/www.allenandallen.com\/#website","url":"https:\/\/www.allenandallen.com\/","name":"Allen y Allen","description":"Protegiendo a los heridos desde 1910","potentialAction":[{"@type":"SearchAction","target":{"@type":"EntryPoint","urlTemplate":"https:\/\/www.allenandallen.com\/?s={search_term_string}"},"query-input":{"@type":"PropertyValueSpecification","valueRequired":true,"valueName":"search_term_string"}}],"inLanguage":"es"}]}},"_links":{"self":[{"href":"https:\/\/www.allenandallen.com\/es\/wp-json\/wp\/v2\/pages\/359","targetHints":{"allow":["GET"]}}],"collection":[{"href":"https:\/\/www.allenandallen.com\/es\/wp-json\/wp\/v2\/pages"}],"about":[{"href":"https:\/\/www.allenandallen.com\/es\/wp-json\/wp\/v2\/types\/page"}],"author":[{"embeddable":true,"href":"https:\/\/www.allenandallen.com\/es\/wp-json\/wp\/v2\/users\/3"}],"replies":[{"embeddable":true,"href":"https:\/\/www.allenandallen.com\/es\/wp-json\/wp\/v2\/comments?post=359"}],"version-history":[{"count":0,"href":"https:\/\/www.allenandallen.com\/es\/wp-json\/wp\/v2\/pages\/359\/revisions"}],"wp:attachment":[{"href":"https:\/\/www.allenandallen.com\/es\/wp-json\/wp\/v2\/media?parent=359"}],"curies":[{"name":"Gracias","href":"https:\/\/api.w.org\/{rel}","templated":true}]}}