{"id":27222,"date":"2021-05-13T08:41:29","date_gmt":"2021-05-13T13:41:29","guid":{"rendered":"https:\/\/www.allenandallen.com\/?page_id=27222"},"modified":"2025-10-20T11:04:02","modified_gmt":"2025-10-20T16:04:02","slug":"a-allen-le-importa","status":"publish","type":"page","link":"https:\/\/www.allenandallen.com\/es\/about\/community-involvement\/allen-cares\/","title":{"rendered":"Allen &amp; Allen Cares: Ayudando a nuestros h\u00e9roes"},"content":{"rendered":"<p>Una vez h\u00e9roe, siempre h\u00e9roe. Allen &amp; Allen Cares: Helping Our Heroes es el programa de donaciones a la comunidad de Allen Law Firm, que conecta a los antiguos h\u00e9roes de Allen &amp; Allen Hometown con subvenciones para ayudar a sus organizaciones sin fines de lucro locales.<\/p>\n<p>La firma otorga una donaci\u00f3n ben\u00e9fica de $1,000 a diferentes organizaciones 501 (C)(3), para apoyar a los h\u00e9roes cotidianos que marcan la diferencia en sus comunidades.<\/p>\n<p>En 2010, en honor al centenario de la firma, Allen &amp; Allen lanz\u00f3 su programa Hometown Heroes para honrar a quienes ayudan a hacer de nuestras comunidades mejores lugares para vivir, trabajar y divertirse. Desde entonces, la firma ha honrado a m\u00e1s de 550 h\u00e9roes en todo Virginia.<\/p>\n<p>El fundador de Allen Law Firm, George E. Allen, Sr. dijo: \u201cCuanto m\u00e1s de nuestras vidas le damos a los dem\u00e1s, m\u00e1s plena y rica, m\u00e1s grande y m\u00e1s grandiosa, m\u00e1s hermosa y m\u00e1s feliz se vuelven nuestras propias vidas\u2026 nuestro amor , nuestro servicio, nuestra ayuda a los dem\u00e1s, invariablemente vuelve a nosotros &quot;. La firma mantiene este principio rector hasta el d\u00eda de hoy.<\/p>","protected":false},"excerpt":{"rendered":"<p>Una vez h\u00e9roe, siempre h\u00e9roe. Allen &amp; Allen Cares: Helping Our Heroes es el programa de donaciones a la comunidad de Allen Law Firm, que conecta a los antiguos h\u00e9roes de Allen &amp; Allen Hometown con ...<\/p>","protected":false},"author":20,"featured_media":0,"parent":427,"menu_order":0,"comment_status":"closed","ping_status":"closed","template":"t-heroes.php","meta":{"_acf_changed":false,"footnotes":""},"class_list":["post-27222","page","type-page","status-publish","hentry"],"acf":[],"yoast_head":"<!-- This site is optimized with the Yoast SEO Premium plugin v27.5 (Yoast SEO v27.5) - https:\/\/yoast.com\/product\/yoast-seo-premium-wordpress\/ -->\n<title>Allen &amp; Allen Cares: Helping Our Heroes | The Allen Law Firm<\/title>\n<meta name=\"description\" content=\"Each month, Allen &amp; Allen Cares awards a $1,000 charitable donation to a different non-profit organization, supporting everyday heroes.\" \/>\n<meta name=\"robots\" content=\"index, follow, max-snippet:-1, max-image-preview:large, max-video-preview:-1\" \/>\n<link rel=\"canonical\" href=\"https:\/\/www.allenandallen.com\/es\/sobre\/participacion-comunitaria\/a-allen-le-importa\/\" \/>\n<meta property=\"og:locale\" content=\"es_ES\" \/>\n<meta property=\"og:type\" content=\"article\" \/>\n<meta property=\"og:title\" content=\"Allen &amp; Allen Cares: Helping Our Heroes\" \/>\n<meta property=\"og:description\" content=\"Each month, Allen &amp; Allen Cares awards a $1,000 charitable donation to a different non-profit organization, supporting everyday heroes.\" \/>\n<meta property=\"og:url\" content=\"https:\/\/www.allenandallen.com\/es\/sobre\/participacion-comunitaria\/a-allen-le-importa\/\" \/>\n<meta property=\"og:site_name\" content=\"Allen and Allen\" \/>\n<meta property=\"article:modified_time\" content=\"2025-10-20T16:04:02+00:00\" \/>\n<meta name=\"twitter:card\" content=\"summary_large_image\" \/>\n<meta name=\"twitter:site\" content=\"@allenandallen\" \/>\n<meta name=\"twitter:label1\" content=\"Est. reading time\" \/>\n\t<meta name=\"twitter:data1\" content=\"1 minute\" \/>\n<!-- \/ Yoast SEO Premium plugin. -->","yoast_head_json":{"title":"Allen &amp; Allen Cares: Ayudando a nuestros h\u00e9roes | El bufete de abogados Allen","description":"Cada mes, Allen &amp; Allen Cares otorga una donaci\u00f3n caritativa de $1,000 a una organizaci\u00f3n sin fines de lucro diferente, que apoya a los h\u00e9roes cotidianos.","robots":{"index":"index","follow":"follow","max-snippet":"max-snippet:-1","max-image-preview":"max-image-preview:large","max-video-preview":"max-video-preview:-1"},"canonical":"https:\/\/www.allenandallen.com\/es\/sobre\/participacion-comunitaria\/a-allen-le-importa\/","og_locale":"es_ES","og_type":"article","og_title":"Allen & Allen Cares: Helping Our Heroes","og_description":"Each month, Allen & Allen Cares awards a $1,000 charitable donation to a different non-profit organization, supporting everyday heroes.","og_url":"https:\/\/www.allenandallen.com\/es\/sobre\/participacion-comunitaria\/a-allen-le-importa\/","og_site_name":"Allen and Allen","article_modified_time":"2025-10-20T16:04:02+00:00","twitter_card":"summary_large_image","twitter_site":"@allenandallen","twitter_misc":{"Est. reading time":"1 minute"},"schema":{"@context":"https:\/\/schema.org","@graph":[{"@type":"WebPage","@id":"https:\/\/www.allenandallen.com\/about\/community-involvement\/allen-cares\/","url":"https:\/\/www.allenandallen.com\/about\/community-involvement\/allen-cares\/","name":"Allen &amp; Allen Cares: Ayudando a nuestros h\u00e9roes | El bufete de abogados Allen","isPartOf":{"@id":"https:\/\/www.allenandallen.com\/#website"},"datePublished":"2021-05-13T13:41:29+00:00","dateModified":"2025-10-20T16:04:02+00:00","description":"Cada mes, Allen &amp; Allen Cares otorga una donaci\u00f3n caritativa de $1,000 a una organizaci\u00f3n sin fines de lucro diferente, que apoya a los h\u00e9roes cotidianos.","breadcrumb":{"@id":"https:\/\/www.allenandallen.com\/about\/community-involvement\/allen-cares\/#breadcrumb"},"inLanguage":"es","potentialAction":[{"@type":"ReadAction","target":["https:\/\/www.allenandallen.com\/about\/community-involvement\/allen-cares\/"]}]},{"@type":"BreadcrumbList","@id":"https:\/\/www.allenandallen.com\/about\/community-involvement\/allen-cares\/#breadcrumb","itemListElement":[{"@type":"ListItem","position":1,"name":"Virginia Personal Injury Lawyer","item":"https:\/\/www.allenandallen.com\/"},{"@type":"ListItem","position":2,"name":"About Allen, Allen, Allen &#038; Allen","item":"https:\/\/www.allenandallen.com\/about\/"},{"@type":"ListItem","position":3,"name":"Community Involvement","item":"https:\/\/www.allenandallen.com\/about\/community-involvement\/"},{"@type":"ListItem","position":4,"name":"Allen &#038; Allen Cares: Helping Our Heroes"}]},{"@type":"WebSite","@id":"https:\/\/www.allenandallen.com\/#website","url":"https:\/\/www.allenandallen.com\/","name":"Allen y Allen","description":"Protegiendo a los heridos desde 1910","potentialAction":[{"@type":"SearchAction","target":{"@type":"EntryPoint","urlTemplate":"https:\/\/www.allenandallen.com\/?s={search_term_string}"},"query-input":{"@type":"PropertyValueSpecification","valueRequired":true,"valueName":"search_term_string"}}],"inLanguage":"es"}]}},"_links":{"self":[{"href":"https:\/\/www.allenandallen.com\/es\/wp-json\/wp\/v2\/pages\/27222","targetHints":{"allow":["GET"]}}],"collection":[{"href":"https:\/\/www.allenandallen.com\/es\/wp-json\/wp\/v2\/pages"}],"about":[{"href":"https:\/\/www.allenandallen.com\/es\/wp-json\/wp\/v2\/types\/page"}],"author":[{"embeddable":true,"href":"https:\/\/www.allenandallen.com\/es\/wp-json\/wp\/v2\/users\/20"}],"replies":[{"embeddable":true,"href":"https:\/\/www.allenandallen.com\/es\/wp-json\/wp\/v2\/comments?post=27222"}],"version-history":[{"count":0,"href":"https:\/\/www.allenandallen.com\/es\/wp-json\/wp\/v2\/pages\/27222\/revisions"}],"up":[{"embeddable":true,"href":"https:\/\/www.allenandallen.com\/es\/wp-json\/wp\/v2\/pages\/427"}],"wp:attachment":[{"href":"https:\/\/www.allenandallen.com\/es\/wp-json\/wp\/v2\/media?parent=27222"}],"curies":[{"name":"Gracias","href":"https:\/\/api.w.org\/{rel}","templated":true}]}}