{"id":2011,"date":"2018-02-23T18:32:08","date_gmt":"2018-02-23T18:32:08","guid":{"rendered":"https:\/\/www.allenandallen.com\/?page_id=2011"},"modified":"2026-01-21T04:54:04","modified_gmt":"2026-01-21T09:54:04","slug":"descargo-de-responsabilidad","status":"publish","type":"page","link":"https:\/\/www.allenandallen.com\/es\/disclaimer\/","title":{"rendered":"Descargo de responsabilidad"},"content":{"rendered":"<p>Gracias por visitar el sitio web de Allen, Allen, Allen &amp; Allen PC. Creamos este sitio web para que pueda conocer m\u00e1s sobre nuestros servicios legales.<br \/>\nEl Colegio de Abogados de Virginia requiere este descargo de responsabilidad; tenga en cuenta los siguientes puntos clave.<\/p>\n<ul>\n<li>Este sitio es s\u00f3lo para fines informativos.<\/li>\n<li>Ninguna informaci\u00f3n contenida en este sitio web pretende constituir, ni constituye, asesoramiento legal.<\/li>\n<li>No debe actuar o abstenerse de actuar sobre la base de cualquier contenido incluido en este sitio sin buscar el asesoramiento legal o profesional apropiado sobre los hechos y circunstancias en cuesti\u00f3n de un abogado con licencia en su estado.<\/li>\n<li>Cada uno de nuestros abogados tiene licencia para ejercer la abogac\u00eda solo en aquellas jurisdicciones enumeradas en la biograf\u00eda del abogado que aparece en este sitio. Este sitio no tiene la intenci\u00f3n de solicitar representaci\u00f3n que constituir\u00eda la pr\u00e1ctica no autorizada de la ley en cualquier jurisdicci\u00f3n.<\/li>\n<li>Este sitio web no pretende crear ni crea una relaci\u00f3n abogado-cliente entre usted y Allen, Allen, Allen &amp; Allen PC. La \u00fanica forma de convertirse en nuestro cliente es mediante un acuerdo mutuo en una carta formal.<\/li>\n<li>La determinaci\u00f3n de si necesita servicios legales y la elecci\u00f3n de un abogado no debe basarse \u00fanicamente en la informaci\u00f3n o los anuncios del sitio web. Los sitios enumerados como enlaces de hipertexto en este documento no est\u00e1n bajo el control de Allen, Allen, Allen &amp; Allen PC y se proporcionan simplemente como un servicio. No podemos hacer ninguna representaci\u00f3n con respecto al contenido de estos sitios.<\/li>\n<li>Los res\u00famenes de casos que hemos presentado en nuestro sitio web son solo para fines informativos, como ejemplos de los tipos de casos que aceptamos y probamos. Los resultados obtenidos no son necesariamente los resultados que se pueden obtener en un caso con hechos diferentes. Cada caso es diferente y espec\u00edfico de hecho, y los resultados obtenidos estar\u00e1n relacionados con los hechos y m\u00e9ritos de ese caso en particular.<\/li>\n<li>Tres de nuestros abogados est\u00e1n certificados por la National Board of Trial Advocacy, una organizaci\u00f3n no gubernamental nacional que otorga la certificaci\u00f3n a los abogados que, por su capacitaci\u00f3n, experiencia, recomendaci\u00f3n de sus pares y examen, han cumplido con sus exigentes est\u00e1ndares. La selecci\u00f3n de credenciales que todos los abogados certificados por la junta de la NBTA deben completar con \u00e9xito incluye: documentaci\u00f3n de experiencia en juicios, referencias judiciales y de pares, documentaci\u00f3n de participaci\u00f3n en educaci\u00f3n legal continua, evaluaci\u00f3n de habilidades de redacci\u00f3n legal, informe de todos los asuntos disciplinarios presentados ante cualquier organismo oficial, ya sea p\u00fablico o confidencial, para el escrutinio del Comit\u00e9 de Normas de la NBTA y la realizaci\u00f3n de un examen de un d\u00eda de duraci\u00f3n. Los miembros de la NBTA mantienen pr\u00e1cticas de prueba activas y deben informar su estado disciplinario anualmente. Cada cinco a\u00f1os, los miembros deben solicitar la recertificaci\u00f3n para asegurar su compromiso con la especialidad designada. La Corte Suprema de Virginia nos exige que declaremos que en Virginia no existe un procedimiento para certificar organizaciones.<\/li>\n<li>Uno de nuestros abogados est\u00e1 certificado por el National Institute of Trial Advocacy como especialista en negligencia m\u00e9dica. La Corte Suprema de Virginia nos exige que declaremos que en Virginia no existe un procedimiento para certificar organizaciones.<\/li>\n<li>El uso de Internet o del formulario de contacto por correo electr\u00f3nico para comunicarse con la firma o cualquier miembro individual de la firma no establece una relaci\u00f3n abogado-cliente. No se debe enviar informaci\u00f3n confidencial o urgente a trav\u00e9s de este sitio web o los formularios de contacto por correo electr\u00f3nico en este sitio web. Ya sea que usted sea un cliente nuevo o existente de la firma, Allen, Allen, Allen y Allen no pueden representarlo en un asunto nuevo hasta que la firma determine que no hay conflicto de intereses y que est\u00e1 dispuesta y en condiciones de aceptar el nuevo contrato. . A menos que y hasta que Allen, Allen, Allen y Allen le hayan informado que est\u00e1 dispuesto y puede aceptar su nuevo asunto, no env\u00ede por correo electr\u00f3nico ni env\u00ede a la firma ninguna informaci\u00f3n o documentos que considere privados o confidenciales.<\/li>\n<\/ul>\n<p>Courtney Allen Van Winkle, 1802 Bayberry Court, Richmond, VA 23226, is the attorney responsible for the content of this Website.<\/p>\n<p>&nbsp;<\/p>","protected":false},"excerpt":{"rendered":"<p>Gracias por visitar el sitio web de Allen, Allen, Allen &amp; Allen PC. Creamos este sitio web para que pueda conocer m\u00e1s sobre nuestros servicios legales. El Colegio de Abogados de Virginia ...<\/p>","protected":false},"author":4,"featured_media":0,"parent":0,"menu_order":0,"comment_status":"closed","ping_status":"closed","template":"","meta":{"_acf_changed":false,"footnotes":""},"class_list":["post-2011","page","type-page","status-publish","hentry"],"acf":[],"yoast_head":"<!-- This site is optimized with the Yoast SEO Premium plugin v27.4 (Yoast SEO v27.4) - https:\/\/yoast.com\/product\/yoast-seo-premium-wordpress\/ -->\n<title>Disclaimer | Allen and Allen<\/title>\n<meta name=\"description\" content=\"We created this website so that you could learn more about our legal services. This site is for informational purposes only.\" \/>\n<meta name=\"robots\" content=\"index, follow, max-snippet:-1, max-image-preview:large, max-video-preview:-1\" \/>\n<link rel=\"canonical\" href=\"https:\/\/www.allenandallen.com\/es\/descargo-de-responsabilidad\/\" \/>\n<meta property=\"og:locale\" content=\"es_ES\" \/>\n<meta property=\"og:type\" content=\"article\" \/>\n<meta property=\"og:title\" content=\"Disclaimer\" \/>\n<meta property=\"og:description\" content=\"We created this website so that you could learn more about our legal services. This site is for informational purposes only.\" \/>\n<meta property=\"og:url\" content=\"https:\/\/www.allenandallen.com\/es\/descargo-de-responsabilidad\/\" \/>\n<meta property=\"og:site_name\" content=\"Allen and Allen\" \/>\n<meta property=\"article:modified_time\" content=\"2026-01-21T09:54:04+00:00\" \/>\n<meta name=\"twitter:card\" content=\"summary_large_image\" \/>\n<meta name=\"twitter:image\" content=\"https:\/\/www.allenandallen.com\/wp-content\/uploads\/2018\/03\/disclaimer_1280w.jpg\" \/>\n<meta name=\"twitter:site\" content=\"@allenandallen\" \/>\n<meta name=\"twitter:label1\" content=\"Est. reading time\" \/>\n\t<meta name=\"twitter:data1\" content=\"3 minutes\" \/>\n<!-- \/ Yoast SEO Premium plugin. -->","yoast_head_json":{"title":"Descargo de responsabilidad | allen y allen","description":"Creamos este sitio web para que pueda conocer m\u00e1s sobre nuestros servicios legales. Este sitio es s\u00f3lo para fines informativos.","robots":{"index":"index","follow":"follow","max-snippet":"max-snippet:-1","max-image-preview":"max-image-preview:large","max-video-preview":"max-video-preview:-1"},"canonical":"https:\/\/www.allenandallen.com\/es\/descargo-de-responsabilidad\/","og_locale":"es_ES","og_type":"article","og_title":"Disclaimer","og_description":"We created this website so that you could learn more about our legal services. This site is for informational purposes only.","og_url":"https:\/\/www.allenandallen.com\/es\/descargo-de-responsabilidad\/","og_site_name":"Allen and Allen","article_modified_time":"2026-01-21T09:54:04+00:00","twitter_card":"summary_large_image","twitter_image":"https:\/\/www.allenandallen.com\/wp-content\/uploads\/2018\/03\/disclaimer_1280w.jpg","twitter_site":"@allenandallen","twitter_misc":{"Est. reading time":"3 minutes"},"schema":{"@context":"https:\/\/schema.org","@graph":[{"@type":"WebPage","@id":"https:\/\/www.allenandallen.com\/disclaimer\/","url":"https:\/\/www.allenandallen.com\/disclaimer\/","name":"Descargo de responsabilidad | allen y allen","isPartOf":{"@id":"https:\/\/www.allenandallen.com\/#website"},"datePublished":"2018-02-23T18:32:08+00:00","dateModified":"2026-01-21T09:54:04+00:00","description":"Creamos este sitio web para que pueda conocer m\u00e1s sobre nuestros servicios legales. Este sitio es s\u00f3lo para fines informativos.","breadcrumb":{"@id":"https:\/\/www.allenandallen.com\/disclaimer\/#breadcrumb"},"inLanguage":"es","potentialAction":[{"@type":"ReadAction","target":["https:\/\/www.allenandallen.com\/disclaimer\/"]}]},{"@type":"BreadcrumbList","@id":"https:\/\/www.allenandallen.com\/disclaimer\/#breadcrumb","itemListElement":[{"@type":"ListItem","position":1,"name":"Virginia Personal Injury Lawyer","item":"https:\/\/www.allenandallen.com\/"},{"@type":"ListItem","position":2,"name":"Disclaimer"}]},{"@type":"WebSite","@id":"https:\/\/www.allenandallen.com\/#website","url":"https:\/\/www.allenandallen.com\/","name":"Allen y Allen","description":"Protegiendo a los heridos desde 1910","potentialAction":[{"@type":"SearchAction","target":{"@type":"EntryPoint","urlTemplate":"https:\/\/www.allenandallen.com\/?s={search_term_string}"},"query-input":{"@type":"PropertyValueSpecification","valueRequired":true,"valueName":"search_term_string"}}],"inLanguage":"es"}]}},"_links":{"self":[{"href":"https:\/\/www.allenandallen.com\/es\/wp-json\/wp\/v2\/pages\/2011","targetHints":{"allow":["GET"]}}],"collection":[{"href":"https:\/\/www.allenandallen.com\/es\/wp-json\/wp\/v2\/pages"}],"about":[{"href":"https:\/\/www.allenandallen.com\/es\/wp-json\/wp\/v2\/types\/page"}],"author":[{"embeddable":true,"href":"https:\/\/www.allenandallen.com\/es\/wp-json\/wp\/v2\/users\/4"}],"replies":[{"embeddable":true,"href":"https:\/\/www.allenandallen.com\/es\/wp-json\/wp\/v2\/comments?post=2011"}],"version-history":[{"count":0,"href":"https:\/\/www.allenandallen.com\/es\/wp-json\/wp\/v2\/pages\/2011\/revisions"}],"wp:attachment":[{"href":"https:\/\/www.allenandallen.com\/es\/wp-json\/wp\/v2\/media?parent=2011"}],"curies":[{"name":"Gracias","href":"https:\/\/api.w.org\/{rel}","templated":true}]}}