{"id":12297,"date":"2019-05-25T16:35:56","date_gmt":"2019-05-25T21:35:56","guid":{"rendered":"http:\/\/www.allenandallen.com\/?page_id=12297"},"modified":"2025-11-18T08:37:06","modified_gmt":"2025-11-18T13:37:06","slug":"usted-o-un-ser-querido-ha-sufrido-una-lesion-catastrofica","status":"publish","type":"page","link":"https:\/\/www.allenandallen.com\/es\/have-you-or-a-loved-one-suffered-a-catastrophic-injury\/","title":{"rendered":"\u00bfHa sufrido usted o un ser querido una lesi\u00f3n catastr\u00f3fica?"},"content":{"rendered":"<p class=\"p1\">A\u00a0<b>lesi\u00f3n catastr\u00f3fica<\/b>\u00a0est\u00e1 definido por la Asociaci\u00f3n M\u00e9dica Estadounidense (AMA) como una lesi\u00f3n grave en el <b>columna vertebral<\/b>, <b>m\u00e9dula espinal<\/b> o<b> cerebro<\/b>, incluyendo <b>fracturas de cr\u00e1neo o columna<\/b>. Estas lesiones son devastadoras y alteran la vida, a menudo requieren atenci\u00f3n m\u00e9dica permanente y, en ocasiones, provocan la muerte.<\/p>\n<h2 class=\"p1\">\u00bfPor qu\u00e9 elegir Allen &amp; Allen?<\/h2>\n<p class=\"p2\">Los abogados de Allen &amp; Allen han asegurado m\u00e1s de $1 mil millones en nombre de nuestros clientes. Nuestros abogados han logrado veredictos y acuerdos sin precedentes en casi todas las \u00e1reas de la ley de lesiones personales. Estos incluyen uno de los veredictos de negligencia m\u00e9dica m\u00e1s grandes en la historia de la corte del estado de Virginia y el acuerdo de accidentes automovil\u00edsticos m\u00e1s grande en la historia de Virginia.<span class=\"s1\">.<\/span><\/p>\n<p class=\"p1\">Las complicaciones de las lesiones catastr\u00f3ficas pueden dejar a la persona lesionada y a sus seres queridos temerosos del futuro, con preguntas como:<\/p>\n<ul class=\"ul1\">\n<li class=\"li1\">\u00bfQui\u00e9n pagar\u00e1 las crecientes facturas m\u00e9dicas?<\/li>\n<li class=\"li1\">\u00bfQu\u00e9 tipo de cuidados requerir\u00e1 la persona lesionada?<\/li>\n<li class=\"li1\">\u00bfC\u00f3mo va a pagar la atenci\u00f3n m\u00e9dica en el futuro?<\/li>\n<li class=\"li1\">\u00bfC\u00f3mo mantendr\u00e1 econ\u00f3micamente a su hogar y a su familia?<\/li>\n<\/ul>\n<p class=\"p1\">Las colisiones traseras son el tipo\u00a0<a href=\"https:\/\/www.allenandallen.com\/es\/abogados\/\"><span class=\"s1\">abogados en Allen &amp; Allen<\/span><\/a> han ayudado a muchas familias a atravesar con \u00e9xito los tiempos dif\u00edciles que resultan de lesiones graves como estas. Tenemos <b>hizo nuestra misi\u00f3n ayudar a proteger a nuestros clientes<\/b> para que puedan concentrarse en reconstruir sus vidas.<\/p>\n<p><iframe loading=\"lazy\" src=\"https:\/\/www.youtube.com\/embed\/FPVKIvqgjtU\" width=\"560\" height=\"315\" frameborder=\"0\" allowfullscreen=\"allowfullscreen\"><\/iframe><\/p>\n<h2>Conoce tus derechos<\/h2>\n<p class=\"p1\">Si ha resultado lesionado debido a la negligencia o imprudencia de otra persona, seg\u00fan la ley de Virginia, es posible que tenga derecho a recuperar da\u00f1os monetarios por sus lesiones, que incluyen:<\/p>\n<ul>\n<li>Lesiones f\u00edsicas que incluyen huesos rotos, conmociones cerebrales y esguinces resultantes de su accidente<\/li>\n<li>Dolor y sufrimiento<\/li>\n<li>Gastos m\u00e9dicos incurridos como resultado de la negligencia.<\/li>\n<li>Gastos m\u00e9dicos futuros<\/li>\n<li>P\u00e9rdida esperada de ingresos futuros<\/li>\n<li>Gastos de funeral y entierro si la lesi\u00f3n resulta en muerte por negligencia<\/li>\n<li>Dolor, tristeza, angustia mental y consuelo<\/li>\n<li>Da\u00f1os punitivos en caso de conducta deliberada o desenfrenada<\/li>\n<\/ul>\n<p class=\"p1\">Las colisiones traseras son el tipo\u00a0<a href=\"https:\/\/www.allenandallen.com\/es\/abogados\/\"><span class=\"s1\">abogados en Allen &amp; Allen<\/span><\/a> tiene m\u00e1s de 600 a\u00f1os de experiencia combinada y est\u00e1 listo para ser su defensor para que usted y su familia puedan concentrarse en la recuperaci\u00f3n.<\/p>\n<h2>Evaluaci\u00f3n de caso gratuita<\/h2>\n<p class=\"p1\">Se merece un abogado con experiencia, recursos y un equipo de apoyo capacitado y compasivo. Cont\u00e1ctenos para un <b>gratis<\/b> evaluaci\u00f3n de casos. En el bufete de abogados Allen &amp; Allen, hacemos de su lucha nuestra lucha.<\/p>\n<p class=\"p1\" style=\"text-align: left;\"><a class=\"button\" href=\"https:\/\/www.allenandallen.com\/es\/programar-una-consulta\/\" target=\"_blank\" rel=\"noopener noreferrer\">Cont\u00e1ctenos<\/a> \u00a0<a class=\"button\" href=\"https:\/\/www.allenandallen.com\/es\/blog\/?category=blog\" target=\"_blank\" rel=\"noopener noreferrer\">Lea nuestro blog<\/a>\u00a0 <a class=\"button\" href=\"https:\/\/www.allenandallen.com\/es\/blog\/?category=results\" target=\"_blank\" rel=\"noopener noreferrer\">Vea nuestros resultados<\/a><\/p>\n<h2><span class=\"Apple-converted-space\">Algunas de nuestras \u00e1reas de pr\u00e1ctica<\/span><\/h2>","protected":false},"excerpt":{"rendered":"<p>La Asociaci\u00f3n M\u00e9dica Estadounidense (AMA, por sus siglas en ingl\u00e9s) define una lesi\u00f3n catastr\u00f3fica como una lesi\u00f3n grave en la columna vertebral, la m\u00e9dula espinal o el cerebro, incluidas las fracturas de cr\u00e1neo o columna vertebral. Tales lesiones son devastadoras y...<\/p>","protected":false},"author":20,"featured_media":0,"parent":0,"menu_order":0,"comment_status":"closed","ping_status":"closed","template":"t-practice-areas.php","meta":{"_acf_changed":false,"footnotes":""},"class_list":["post-12297","page","type-page","status-publish","hentry"],"acf":[],"yoast_head":"<!-- This site is optimized with the Yoast SEO Premium plugin v27.4 (Yoast SEO v27.4) - https:\/\/yoast.com\/product\/yoast-seo-premium-wordpress\/ -->\n<title>Virginia Accident Lawyers | Free Consultations | Catastrophic Injuries<\/title>\n<meta name=\"description\" content=\"The\u00a0attorneys at Allen &amp; Allen have help families successfully navigate the difficult times that result from catastrophic injuries. Call us at 866-388-1307.\" \/>\n<meta name=\"robots\" content=\"index, follow, max-snippet:-1, max-image-preview:large, max-video-preview:-1\" \/>\n<link rel=\"canonical\" href=\"https:\/\/www.allenandallen.com\/es\/usted-o-un-ser-querido-ha-sufrido-una-lesion-catastrofica\/\" \/>\n<meta property=\"og:locale\" content=\"es_ES\" \/>\n<meta property=\"og:type\" content=\"article\" \/>\n<meta property=\"og:title\" content=\"Have You or a Loved One Suffered a Catastrophic Injury?\" \/>\n<meta property=\"og:description\" content=\"The\u00a0attorneys at Allen &amp; Allen have help families successfully navigate the difficult times that result from catastrophic injuries. Call us at 866-388-1307.\" \/>\n<meta property=\"og:url\" content=\"https:\/\/www.allenandallen.com\/es\/usted-o-un-ser-querido-ha-sufrido-una-lesion-catastrofica\/\" \/>\n<meta property=\"og:site_name\" content=\"Allen and Allen\" \/>\n<meta property=\"article:modified_time\" content=\"2025-11-18T13:37:06+00:00\" \/>\n<meta name=\"twitter:card\" content=\"summary_large_image\" \/>\n<meta name=\"twitter:image\" content=\"https:\/\/www.allenandallen.com\/wp-content\/uploads\/2018\/03\/practicehero_1280x665.jpg\" \/>\n<meta name=\"twitter:site\" content=\"@allenandallen\" \/>\n<meta name=\"twitter:label1\" content=\"Est. reading time\" \/>\n\t<meta name=\"twitter:data1\" content=\"2 minutes\" \/>\n<!-- \/ Yoast SEO Premium plugin. -->","yoast_head_json":{"title":"Virginia Accidentes Abagado | Consultas Gratis | Lesiones catastr\u00f3ficas","description":"Los abogados de Allen &amp; Allen han ayudado a las familias a navegar con \u00e9xito los tiempos dif\u00edciles que resultan de lesiones catastr\u00f3ficas. Ll\u00e1menos al 866-388-1307.","robots":{"index":"index","follow":"follow","max-snippet":"max-snippet:-1","max-image-preview":"max-image-preview:large","max-video-preview":"max-video-preview:-1"},"canonical":"https:\/\/www.allenandallen.com\/es\/usted-o-un-ser-querido-ha-sufrido-una-lesion-catastrofica\/","og_locale":"es_ES","og_type":"article","og_title":"Have You or a Loved One Suffered a Catastrophic Injury?","og_description":"The\u00a0attorneys at Allen & Allen have help families successfully navigate the difficult times that result from catastrophic injuries. Call us at 866-388-1307.","og_url":"https:\/\/www.allenandallen.com\/es\/usted-o-un-ser-querido-ha-sufrido-una-lesion-catastrofica\/","og_site_name":"Allen and Allen","article_modified_time":"2025-11-18T13:37:06+00:00","twitter_card":"summary_large_image","twitter_image":"https:\/\/www.allenandallen.com\/wp-content\/uploads\/2018\/03\/practicehero_1280x665.jpg","twitter_site":"@allenandallen","twitter_misc":{"Est. reading time":"2 minutes"},"schema":{"@context":"https:\/\/schema.org","@graph":[{"@type":"WebPage","@id":"https:\/\/www.allenandallen.com\/have-you-or-a-loved-one-suffered-a-catastrophic-injury\/","url":"https:\/\/www.allenandallen.com\/have-you-or-a-loved-one-suffered-a-catastrophic-injury\/","name":"Virginia Accidentes Abagado | Consultas Gratis | Lesiones catastr\u00f3ficas","isPartOf":{"@id":"https:\/\/www.allenandallen.com\/#website"},"datePublished":"2019-05-25T21:35:56+00:00","dateModified":"2025-11-18T13:37:06+00:00","description":"Los abogados de Allen &amp; Allen han ayudado a las familias a navegar con \u00e9xito los tiempos dif\u00edciles que resultan de lesiones catastr\u00f3ficas. Ll\u00e1menos al 866-388-1307.","breadcrumb":{"@id":"https:\/\/www.allenandallen.com\/have-you-or-a-loved-one-suffered-a-catastrophic-injury\/#breadcrumb"},"inLanguage":"es","potentialAction":[{"@type":"ReadAction","target":["https:\/\/www.allenandallen.com\/have-you-or-a-loved-one-suffered-a-catastrophic-injury\/"]}]},{"@type":"BreadcrumbList","@id":"https:\/\/www.allenandallen.com\/have-you-or-a-loved-one-suffered-a-catastrophic-injury\/#breadcrumb","itemListElement":[{"@type":"ListItem","position":1,"name":"Virginia Personal Injury Lawyer","item":"https:\/\/www.allenandallen.com\/"},{"@type":"ListItem","position":2,"name":"Have You or a Loved One Suffered a Catastrophic Injury?"}]},{"@type":"WebSite","@id":"https:\/\/www.allenandallen.com\/#website","url":"https:\/\/www.allenandallen.com\/","name":"Allen y Allen","description":"Protegiendo a los heridos desde 1910","potentialAction":[{"@type":"SearchAction","target":{"@type":"EntryPoint","urlTemplate":"https:\/\/www.allenandallen.com\/?s={search_term_string}"},"query-input":{"@type":"PropertyValueSpecification","valueRequired":true,"valueName":"search_term_string"}}],"inLanguage":"es"}]}},"_links":{"self":[{"href":"https:\/\/www.allenandallen.com\/es\/wp-json\/wp\/v2\/pages\/12297","targetHints":{"allow":["GET"]}}],"collection":[{"href":"https:\/\/www.allenandallen.com\/es\/wp-json\/wp\/v2\/pages"}],"about":[{"href":"https:\/\/www.allenandallen.com\/es\/wp-json\/wp\/v2\/types\/page"}],"author":[{"embeddable":true,"href":"https:\/\/www.allenandallen.com\/es\/wp-json\/wp\/v2\/users\/20"}],"replies":[{"embeddable":true,"href":"https:\/\/www.allenandallen.com\/es\/wp-json\/wp\/v2\/comments?post=12297"}],"version-history":[{"count":0,"href":"https:\/\/www.allenandallen.com\/es\/wp-json\/wp\/v2\/pages\/12297\/revisions"}],"wp:attachment":[{"href":"https:\/\/www.allenandallen.com\/es\/wp-json\/wp\/v2\/media?parent=12297"}],"curies":[{"name":"Gracias","href":"https:\/\/api.w.org\/{rel}","templated":true}]}}