{"id":10813,"date":"2019-06-21T15:55:49","date_gmt":"2019-06-21T15:55:49","guid":{"rendered":"http:\/\/www.allenandallen.com\/?page_id=10813"},"modified":"2025-11-19T12:19:12","modified_gmt":"2025-11-19T17:19:12","slug":"heroes-locales-2019","status":"publish","type":"page","link":"https:\/\/www.allenandallen.com\/es\/about\/community-involvement\/hometown-heroes\/hometown-heroes-2019\/","title":{"rendered":"H\u00e9roes de la ciudad natal 2019"},"content":{"rendered":"<p>After careful consideration, these 15 nominees were chosen to be the 2019 Allen &amp; Allen Hometown Heroes because of their untiring commitment to helping others.<\/p>\n<p><script type=\"text\/javascript\">\n  var hash = window.location.hash.substring(1).replace(\/-\/g, ' ');\n  var hashname = hash.toLowerCase().replace(\/\\b[a-z]\/g, function(letter) {return letter.toUpperCase();});\njQuery(document).ready(function() {\n setTimeout(function(){\n  jQuery(\".bio-grid .bio-grid__cell:contains(\"+ hashname +\") .media-excerpt__content\").click();\n}, 500);\n});\n<\/script><\/p>\n","protected":false},"excerpt":{"rendered":"<p>Despu\u00e9s de una cuidadosa consideraci\u00f3n, estos 15 nominados fueron elegidos para ser los H\u00e9roes de la ciudad natal de Allen &amp; Allen de 2019 debido a su incansable compromiso de ayudar a los dem\u00e1s.<\/p>","protected":false},"author":20,"featured_media":0,"parent":42457,"menu_order":0,"comment_status":"closed","ping_status":"closed","template":"t-heroes.php","meta":{"_acf_changed":false,"footnotes":""},"class_list":["post-10813","page","type-page","status-publish","hentry"],"acf":[],"yoast_head":"<!-- This site is optimized with the Yoast SEO Premium plugin v27.6 (Yoast SEO v27.6) - https:\/\/yoast.com\/product\/yoast-seo-premium-wordpress\/ -->\n<title>Hometown Heroes 2019 | Allen and Allen<\/title>\n<meta name=\"description\" content=\"Explore the inspiring journeys of Virginia&#039;s 2019 Allen &amp; Allen Hometown Heroes and their meaningful contributions.\" \/>\n<meta name=\"robots\" content=\"index, follow, max-snippet:-1, max-image-preview:large, max-video-preview:-1\" \/>\n<link rel=\"canonical\" href=\"https:\/\/www.allenandallen.com\/es\/sobre\/participacion-comunitaria\/heroes-locales\/heroes-locales-2019\/\" \/>\n<meta property=\"og:locale\" content=\"es_ES\" \/>\n<meta property=\"og:type\" content=\"article\" \/>\n<meta property=\"og:title\" content=\"Hometown Heroes 2019\" \/>\n<meta property=\"og:description\" content=\"Explore the inspiring journeys of Virginia&#039;s 2019 Allen &amp; Allen Hometown Heroes and their meaningful contributions.\" \/>\n<meta property=\"og:url\" content=\"https:\/\/www.allenandallen.com\/es\/sobre\/participacion-comunitaria\/heroes-locales\/heroes-locales-2019\/\" \/>\n<meta property=\"og:site_name\" content=\"Allen and Allen\" \/>\n<meta property=\"article:modified_time\" content=\"2025-11-19T17:19:12+00:00\" \/>\n<meta name=\"twitter:card\" content=\"summary_large_image\" \/>\n<meta name=\"twitter:image\" content=\"https:\/\/www.allenandallen.com\/wp-content\/uploads\/2018\/03\/hometownheroeshero_1280x530-1.jpg\" \/>\n<meta name=\"twitter:site\" content=\"@allenandallen\" \/>\n<meta name=\"twitter:label1\" content=\"Est. reading time\" \/>\n\t<meta name=\"twitter:data1\" content=\"1 minute\" \/>\n<!-- \/ Yoast SEO Premium plugin. -->","yoast_head_json":{"title":"H\u00e9roes de la ciudad natal 2019 | Allen y Allen","description":"Explore los inspiradores viajes de Allen &amp; Allen Hometown Heroes de Virginia de 2019 y sus significativas contribuciones.","robots":{"index":"index","follow":"follow","max-snippet":"max-snippet:-1","max-image-preview":"max-image-preview:large","max-video-preview":"max-video-preview:-1"},"canonical":"https:\/\/www.allenandallen.com\/es\/sobre\/participacion-comunitaria\/heroes-locales\/heroes-locales-2019\/","og_locale":"es_ES","og_type":"article","og_title":"Hometown Heroes 2019","og_description":"Explore the inspiring journeys of Virginia's 2019 Allen & Allen Hometown Heroes and their meaningful contributions.","og_url":"https:\/\/www.allenandallen.com\/es\/sobre\/participacion-comunitaria\/heroes-locales\/heroes-locales-2019\/","og_site_name":"Allen and Allen","article_modified_time":"2025-11-19T17:19:12+00:00","twitter_card":"summary_large_image","twitter_image":"https:\/\/www.allenandallen.com\/wp-content\/uploads\/2018\/03\/hometownheroeshero_1280x530-1.jpg","twitter_site":"@allenandallen","twitter_misc":{"Est. reading time":"1 minute"},"schema":{"@context":"https:\/\/schema.org","@graph":[{"@type":"WebPage","@id":"https:\/\/www.allenandallen.com\/about\/community-involvement\/hometown-heroes\/hometown-heroes-2019\/","url":"https:\/\/www.allenandallen.com\/about\/community-involvement\/hometown-heroes\/hometown-heroes-2019\/","name":"H\u00e9roes de la ciudad natal 2019 | Allen y Allen","isPartOf":{"@id":"https:\/\/www.allenandallen.com\/#website"},"datePublished":"2019-06-21T15:55:49+00:00","dateModified":"2025-11-19T17:19:12+00:00","description":"Explore los inspiradores viajes de Allen &amp; Allen Hometown Heroes de Virginia de 2019 y sus significativas contribuciones.","breadcrumb":{"@id":"https:\/\/www.allenandallen.com\/about\/community-involvement\/hometown-heroes\/hometown-heroes-2019\/#breadcrumb"},"inLanguage":"es","potentialAction":[{"@type":"ReadAction","target":["https:\/\/www.allenandallen.com\/about\/community-involvement\/hometown-heroes\/hometown-heroes-2019\/"]}]},{"@type":"BreadcrumbList","@id":"https:\/\/www.allenandallen.com\/about\/community-involvement\/hometown-heroes\/hometown-heroes-2019\/#breadcrumb","itemListElement":[{"@type":"ListItem","position":1,"name":"Virginia Personal Injury Lawyer","item":"https:\/\/www.allenandallen.com\/"},{"@type":"ListItem","position":2,"name":"About Allen, Allen, Allen &#038; Allen","item":"https:\/\/www.allenandallen.com\/about\/"},{"@type":"ListItem","position":3,"name":"Community Involvement","item":"https:\/\/www.allenandallen.com\/about\/community-involvement\/"},{"@type":"ListItem","position":4,"name":"Hometown Heroes","item":"https:\/\/www.allenandallen.com\/about\/community-involvement\/hometown-heroes\/"},{"@type":"ListItem","position":5,"name":"Hometown Heroes 2019"}]},{"@type":"WebSite","@id":"https:\/\/www.allenandallen.com\/#website","url":"https:\/\/www.allenandallen.com\/","name":"Allen y Allen","description":"Protegiendo a los heridos desde 1910","potentialAction":[{"@type":"SearchAction","target":{"@type":"EntryPoint","urlTemplate":"https:\/\/www.allenandallen.com\/?s={search_term_string}"},"query-input":{"@type":"PropertyValueSpecification","valueRequired":true,"valueName":"search_term_string"}}],"inLanguage":"es"}]}},"_links":{"self":[{"href":"https:\/\/www.allenandallen.com\/es\/wp-json\/wp\/v2\/pages\/10813","targetHints":{"allow":["GET"]}}],"collection":[{"href":"https:\/\/www.allenandallen.com\/es\/wp-json\/wp\/v2\/pages"}],"about":[{"href":"https:\/\/www.allenandallen.com\/es\/wp-json\/wp\/v2\/types\/page"}],"author":[{"embeddable":true,"href":"https:\/\/www.allenandallen.com\/es\/wp-json\/wp\/v2\/users\/20"}],"replies":[{"embeddable":true,"href":"https:\/\/www.allenandallen.com\/es\/wp-json\/wp\/v2\/comments?post=10813"}],"version-history":[{"count":0,"href":"https:\/\/www.allenandallen.com\/es\/wp-json\/wp\/v2\/pages\/10813\/revisions"}],"up":[{"embeddable":true,"href":"https:\/\/www.allenandallen.com\/es\/wp-json\/wp\/v2\/pages\/42457"}],"wp:attachment":[{"href":"https:\/\/www.allenandallen.com\/es\/wp-json\/wp\/v2\/media?parent=10813"}],"curies":[{"name":"Gracias","href":"https:\/\/api.w.org\/{rel}","templated":true}]}}